{"id":6045,"date":"2022-08-03T13:30:43","date_gmt":"2022-08-03T11:30:43","guid":{"rendered":"https:\/\/degussa-staging.detail-digital.ch\/?page_id=6045"},"modified":"2022-11-10T13:49:31","modified_gmt":"2022-11-10T12:49:31","slug":"mentions-legales","status":"publish","type":"page","link":"https:\/\/www.degussa-goldhandel.ch\/fr\/mentions-legales","title":{"rendered":"Mentions L\u00e9gales"},"content":{"rendered":"\t\t<div data-elementor-type=\"wp-page\" data-elementor-id=\"6045\" class=\"elementor elementor-6045 elementor-3879\" data-elementor-post-type=\"page\">\n\t\t\t\t\t\t<section class=\"elementor-section elementor-top-section elementor-element elementor-element-6c9c2ae elementor-section-boxed elementor-section-height-default elementor-section-height-default\" data-id=\"6c9c2ae\" data-element_type=\"section\">\n\t\t\t\t\t\t<div class=\"elementor-container elementor-column-gap-default\">\n\t\t\t\t\t<div class=\"elementor-column elementor-col-100 elementor-top-column elementor-element elementor-element-523e76f\" data-id=\"523e76f\" data-element_type=\"column\">\n\t\t\t<div class=\"elementor-widget-wrap elementor-element-populated\">\n\t\t\t\t\t\t<div class=\"elementor-element elementor-element-4abe468 elementor-widget elementor-widget-subnav\" data-id=\"4abe468\" data-element_type=\"widget\" data-widget_type=\"subnav.default\">\n\t\t\t\t<div class=\"elementor-widget-container\">\n\t\t\t        <div class=\"degussa-subnav-container subnav gold\">\n            \n        <\/div>\n        <div class=\"degussa-subnav-container empty\"><\/div>\n        \t\t<\/div>\n\t\t\t\t<\/div>\n\t\t\t\t\t<\/div>\n\t\t<\/div>\n\t\t\t\t\t<\/div>\n\t\t<\/section>\n\t\t\t\t<section class=\"elementor-section elementor-top-section elementor-element elementor-element-35ff3ce elementor-section-boxed elementor-section-height-default elementor-section-height-default\" data-id=\"35ff3ce\" data-element_type=\"section\">\n\t\t\t\t\t\t<div class=\"elementor-container elementor-column-gap-wide\">\n\t\t\t\t\t<div class=\"elementor-column elementor-col-100 elementor-top-column elementor-element elementor-element-9fcd043\" data-id=\"9fcd043\" data-element_type=\"column\">\n\t\t\t<div class=\"elementor-widget-wrap elementor-element-populated\">\n\t\t\t\t\t\t<div class=\"elementor-element elementor-element-e52b867 elementor-widget elementor-widget-heading\" data-id=\"e52b867\" data-element_type=\"widget\" data-widget_type=\"heading.default\">\n\t\t\t\t<div class=\"elementor-widget-container\">\n\t\t\t<style>\/*! elementor - v3.23.0 - 05-08-2024 *\/\n.elementor-heading-title{padding:0;margin:0;line-height:1}.elementor-widget-heading .elementor-heading-title[class*=elementor-size-]>a{color:inherit;font-size:inherit;line-height:inherit}.elementor-widget-heading .elementor-heading-title.elementor-size-small{font-size:15px}.elementor-widget-heading .elementor-heading-title.elementor-size-medium{font-size:19px}.elementor-widget-heading .elementor-heading-title.elementor-size-large{font-size:29px}.elementor-widget-heading .elementor-heading-title.elementor-size-xl{font-size:39px}.elementor-widget-heading .elementor-heading-title.elementor-size-xxl{font-size:59px}<\/style><h1 class=\"elementor-heading-title elementor-size-default\">Mentions l\u00e9gales<\/h1>\t\t<\/div>\n\t\t\t\t<\/div>\n\t\t\t\t\t<\/div>\n\t\t<\/div>\n\t\t\t\t\t<\/div>\n\t\t<\/section>\n\t\t\t\t<section class=\"elementor-section elementor-top-section elementor-element elementor-element-fc5d50e elementor-section-boxed elementor-section-height-default elementor-section-height-default\" data-id=\"fc5d50e\" data-element_type=\"section\">\n\t\t\t\t\t\t<div class=\"elementor-container elementor-column-gap-default\">\n\t\t\t\t\t<div class=\"elementor-column elementor-col-100 elementor-top-column elementor-element elementor-element-fcc5325\" data-id=\"fcc5325\" data-element_type=\"column\">\n\t\t\t<div class=\"elementor-widget-wrap elementor-element-populated\">\n\t\t\t\t\t\t<div class=\"elementor-element elementor-element-9f81589 elementor-widget elementor-widget-contentstack\" data-id=\"9f81589\" data-element_type=\"widget\" data-widget_type=\"contentstack.default\">\n\t\t\t\t<div class=\"elementor-widget-container\">\n\t\t\t<div class=\"content-stack\"><style><\/style>\t\t<div data-elementor-type=\"section\" data-elementor-id=\"6047\" class=\"elementor elementor-6047 elementor-1829\" data-elementor-post-type=\"elementor_library\">\n\t\t\t\t\t<section class=\"elementor-section elementor-top-section elementor-element elementor-element-17b6a7e elementor-section-boxed elementor-section-height-default elementor-section-height-default\" data-id=\"17b6a7e\" data-element_type=\"section\">\n\t\t\t\t\t\t<div class=\"elementor-container elementor-column-gap-no\">\n\t\t\t\t\t<div class=\"elementor-column elementor-col-100 elementor-top-column elementor-element elementor-element-d7e1672\" data-id=\"d7e1672\" data-element_type=\"column\">\n\t\t\t<div class=\"elementor-widget-wrap elementor-element-populated\">\n\t\t\t\t\t\t<section class=\"elementor-section elementor-inner-section elementor-element elementor-element-42709a9 elementor-section-boxed elementor-section-height-default elementor-section-height-default\" data-id=\"42709a9\" data-element_type=\"section\">\n\t\t\t\t\t\t<div class=\"elementor-container elementor-column-gap-default\">\n\t\t\t\t\t<div class=\"elementor-column elementor-col-50 elementor-inner-column elementor-element elementor-element-87e61df\" data-id=\"87e61df\" data-element_type=\"column\">\n\t\t\t<div class=\"elementor-widget-wrap elementor-element-populated\">\n\t\t\t\t\t\t<div class=\"elementor-element elementor-element-f9d324c elementor-widget elementor-widget-text-editor\" data-id=\"f9d324c\" data-element_type=\"widget\" data-widget_type=\"text-editor.default\">\n\t\t\t\t<div class=\"elementor-widget-container\">\n\t\t\t<style>\/*! elementor - v3.23.0 - 05-08-2024 *\/\n.elementor-widget-text-editor.elementor-drop-cap-view-stacked .elementor-drop-cap{background-color:#69727d;color:#fff}.elementor-widget-text-editor.elementor-drop-cap-view-framed .elementor-drop-cap{color:#69727d;border:3px solid;background-color:transparent}.elementor-widget-text-editor:not(.elementor-drop-cap-view-default) .elementor-drop-cap{margin-top:8px}.elementor-widget-text-editor:not(.elementor-drop-cap-view-default) .elementor-drop-cap-letter{width:1em;height:1em}.elementor-widget-text-editor .elementor-drop-cap{float:left;text-align:center;line-height:1;font-size:50px}.elementor-widget-text-editor .elementor-drop-cap-letter{display:inline-block}<\/style>\t\t\t\t<p>Degussa Goldhandel AG<br \/>Oberneuhofstrasse 12<br \/>6340 Baar<br \/><br \/>Repr\u00e9sent\u00e9e par:<br \/>Son directeur g\u00e9n\u00e9ral Andreas Habl\u00fctzel<br \/><br \/>Contact:<br \/><img decoding=\"async\" class=\"alignnone wp-image-1397\" src=\"https:\/\/www.degussa-goldhandel.ch\/wp-content\/uploads\/2022\/05\/phone_icon-2.svg\" alt=\"\" width=\"16\" height=\"16\" \/> +41 (0)44 403 41 10<br \/><img decoding=\"async\" class=\"alignnone wp-image-1397\" src=\"https:\/\/www.degussa-goldhandel.ch\/wp-content\/uploads\/2022\/05\/phone_icon-2.svg\" alt=\"\" width=\"16\" height=\"16\" \/>\u00a0+41 (0)44 403 41 15<\/p><p><a href=\"mailto:info@degussa-goldhandel.ch\">info@degussa-goldhandel.ch<\/a><br \/><br \/>Inscription au registre:<br \/>Num\u00e9ro d\u2019inscription au registre du commerce: CH-170.3.035.038-9<br \/><br \/>Num\u00e9ro de TVA intracommunautaire:<br \/>CHE-116.134.581 MWST<br \/><br \/>Protection des donn\u00e9es:<br \/>Nous accordons la priorit\u00e9 absolue \u00e0 la protection de vos donn\u00e9es. Par cons\u00e9quent, vos informations personnelles ne sont g\u00e9n\u00e9ralement pas divulgu\u00e9es \u00e0 des tiers.<br \/><br \/>Pour plus de pr\u00e9cisions concernant la protection des donn\u00e9es, cliquez <a href=\"https:\/\/www.degussa-goldhandel.ch\/fr\/protection-des-donnees\/\">ici.<\/a><br \/><br \/>Mention des sources des images et graphiques utilis\u00e9s:<br \/>plainpicture, Fotolia, MasterLu\/Fotolia, Shutterstock<br \/><br \/>Conception, design et r\u00e9alisation: <a href=\"https:\/\/www.detail.ch\" target=\"_blank\" rel=\"noopener\">Detail AG<\/a><\/p>\t\t\t\t\t\t<\/div>\n\t\t\t\t<\/div>\n\t\t\t\t\t<\/div>\n\t\t<\/div>\n\t\t\t\t<div class=\"elementor-column elementor-col-50 elementor-inner-column elementor-element elementor-element-8c77908\" data-id=\"8c77908\" data-element_type=\"column\">\n\t\t\t<div class=\"elementor-widget-wrap\">\n\t\t\t\t\t\t\t<\/div>\n\t\t<\/div>\n\t\t\t\t\t<\/div>\n\t\t<\/section>\n\t\t\t\t\t<\/div>\n\t\t<\/div>\n\t\t\t\t\t<\/div>\n\t\t<\/section>\n\t\t\t\t<\/div>\n\t\t<\/div>        \t\t<\/div>\n\t\t\t\t<\/div>\n\t\t\t\t\t<\/div>\n\t\t<\/div>\n\t\t\t\t\t<\/div>\n\t\t<\/section>\n\t\t\t\t<\/div>\n\t\t","protected":false},"excerpt":{"rendered":"<p>Mentions l\u00e9gales Degussa Goldhandel AGOberneuhofstrasse 126340 Baar Repr\u00e9sent\u00e9e par:Son directeur g\u00e9n\u00e9ral Andreas Habl\u00fctzel Contact: +41 (0)44 403 41 10\u00a0+41 (0)44 403 41 15 info@degussa-goldhandel.ch Inscription au registre:Num\u00e9ro d\u2019inscription au registre du commerce: CH-170.3.035.038-9Num\u00e9ro de TVA intracommunautaire: CHE-116.134.581 MWST Protection des donn\u00e9es: Nous accordons la priorit\u00e9 absolue \u00e0 la protection de vos donn\u00e9es. Par cons\u00e9quent, vos [&hellip;]<\/p>\n","protected":false},"author":1,"featured_media":0,"parent":0,"menu_order":9,"comment_status":"closed","ping_status":"closed","template":"elementor_header_footer","meta":{"_acf_changed":false,"inline_featured_image":false,"footnotes":""},"class_list":["post-6045","page","type-page","status-publish","hentry"],"acf":[],"_links":{"self":[{"href":"https:\/\/www.degussa-goldhandel.ch\/fr\/wp-json\/wp\/v2\/pages\/6045"}],"collection":[{"href":"https:\/\/www.degussa-goldhandel.ch\/fr\/wp-json\/wp\/v2\/pages"}],"about":[{"href":"https:\/\/www.degussa-goldhandel.ch\/fr\/wp-json\/wp\/v2\/types\/page"}],"author":[{"embeddable":true,"href":"https:\/\/www.degussa-goldhandel.ch\/fr\/wp-json\/wp\/v2\/users\/1"}],"replies":[{"embeddable":true,"href":"https:\/\/www.degussa-goldhandel.ch\/fr\/wp-json\/wp\/v2\/comments?post=6045"}],"version-history":[{"count":14,"href":"https:\/\/www.degussa-goldhandel.ch\/fr\/wp-json\/wp\/v2\/pages\/6045\/revisions"}],"predecessor-version":[{"id":10793,"href":"https:\/\/www.degussa-goldhandel.ch\/fr\/wp-json\/wp\/v2\/pages\/6045\/revisions\/10793"}],"wp:attachment":[{"href":"https:\/\/www.degussa-goldhandel.ch\/fr\/wp-json\/wp\/v2\/media?parent=6045"}],"curies":[{"name":"wp","href":"https:\/\/api.w.org\/{rel}","templated":true}]}}