{"id":6010,"date":"2022-04-04T14:43:58","date_gmt":"2022-04-04T12:43:58","guid":{"rendered":"https:\/\/degussa-staging.detail-digital.ch\/?page_id=6010"},"modified":"2022-11-10T13:50:22","modified_gmt":"2022-11-10T12:50:22","slug":"protection-des-donnees-2","status":"publish","type":"page","link":"https:\/\/www.degussa-goldhandel.ch\/fr\/protection-des-donnees-2","title":{"rendered":"Protection des donn\u00e9es"},"content":{"rendered":"\t\t<div data-elementor-type=\"wp-page\" data-elementor-id=\"6010\" class=\"elementor elementor-6010 elementor-3\" data-elementor-post-type=\"page\">\n\t\t\t\t\t\t<section class=\"elementor-section elementor-top-section elementor-element elementor-element-26ae91c elementor-section-boxed elementor-section-height-default elementor-section-height-default\" data-id=\"26ae91c\" data-element_type=\"section\">\n\t\t\t\t\t\t<div class=\"elementor-container elementor-column-gap-default\">\n\t\t\t\t\t<div class=\"elementor-column elementor-col-100 elementor-top-column elementor-element elementor-element-29e5f68\" data-id=\"29e5f68\" data-element_type=\"column\">\n\t\t\t<div class=\"elementor-widget-wrap elementor-element-populated\">\n\t\t\t\t\t\t<div class=\"elementor-element elementor-element-6986361 elementor-widget elementor-widget-subnav\" data-id=\"6986361\" data-element_type=\"widget\" data-widget_type=\"subnav.default\">\n\t\t\t\t<div class=\"elementor-widget-container\">\n\t\t\t        <div class=\"degussa-subnav-container subnav gold\">\n            \n        <\/div>\n        <div class=\"degussa-subnav-container empty\"><\/div>\n        \t\t<\/div>\n\t\t\t\t<\/div>\n\t\t\t\t\t<\/div>\n\t\t<\/div>\n\t\t\t\t\t<\/div>\n\t\t<\/section>\n\t\t\t\t<section class=\"elementor-section elementor-top-section elementor-element elementor-element-89cdc9c elementor-section-boxed elementor-section-height-default elementor-section-height-default\" data-id=\"89cdc9c\" data-element_type=\"section\">\n\t\t\t\t\t\t<div class=\"elementor-container elementor-column-gap-default\">\n\t\t\t\t\t<div class=\"elementor-column elementor-col-100 elementor-top-column elementor-element elementor-element-86010cd\" data-id=\"86010cd\" data-element_type=\"column\">\n\t\t\t<div class=\"elementor-widget-wrap elementor-element-populated\">\n\t\t\t\t\t\t<div class=\"elementor-element elementor-element-22d7378 elementor-widget elementor-widget-heading\" data-id=\"22d7378\" data-element_type=\"widget\" data-widget_type=\"heading.default\">\n\t\t\t\t<div class=\"elementor-widget-container\">\n\t\t\t<style>\/*! elementor - v3.23.0 - 05-08-2024 *\/\n.elementor-heading-title{padding:0;margin:0;line-height:1}.elementor-widget-heading .elementor-heading-title[class*=elementor-size-]>a{color:inherit;font-size:inherit;line-height:inherit}.elementor-widget-heading .elementor-heading-title.elementor-size-small{font-size:15px}.elementor-widget-heading .elementor-heading-title.elementor-size-medium{font-size:19px}.elementor-widget-heading .elementor-heading-title.elementor-size-large{font-size:29px}.elementor-widget-heading .elementor-heading-title.elementor-size-xl{font-size:39px}.elementor-widget-heading .elementor-heading-title.elementor-size-xxl{font-size:59px}<\/style><h1 class=\"elementor-heading-title elementor-size-default\">Protection des donn\u00e9es<\/h1>\t\t<\/div>\n\t\t\t\t<\/div>\n\t\t\t\t\t<\/div>\n\t\t<\/div>\n\t\t\t\t\t<\/div>\n\t\t<\/section>\n\t\t\t\t<section class=\"elementor-section elementor-top-section elementor-element elementor-element-2b0445d elementor-section-boxed elementor-section-height-default elementor-section-height-default\" data-id=\"2b0445d\" data-element_type=\"section\">\n\t\t\t\t\t\t<div class=\"elementor-container elementor-column-gap-default\">\n\t\t\t\t\t<div class=\"elementor-column elementor-col-100 elementor-top-column elementor-element elementor-element-2692038\" data-id=\"2692038\" data-element_type=\"column\">\n\t\t\t<div class=\"elementor-widget-wrap elementor-element-populated\">\n\t\t\t\t\t\t<div class=\"elementor-element elementor-element-1087105 elementor-widget elementor-widget-contentstack\" data-id=\"1087105\" data-element_type=\"widget\" data-widget_type=\"contentstack.default\">\n\t\t\t\t<div class=\"elementor-widget-container\">\n\t\t\t<div class=\"content-stack\"><style><\/style>\t\t<div data-elementor-type=\"section\" data-elementor-id=\"6012\" class=\"elementor elementor-6012 elementor-6017\" data-elementor-post-type=\"elementor_library\">\n\t\t\t\t\t<section class=\"elementor-section elementor-top-section elementor-element elementor-element-0fb179c elementor-section-boxed elementor-section-height-default elementor-section-height-default\" data-id=\"0fb179c\" data-element_type=\"section\">\n\t\t\t\t\t\t<div class=\"elementor-container elementor-column-gap-no\">\n\t\t\t\t\t<div class=\"elementor-column elementor-col-100 elementor-top-column elementor-element elementor-element-becd2ff\" data-id=\"becd2ff\" data-element_type=\"column\">\n\t\t\t<div class=\"elementor-widget-wrap elementor-element-populated\">\n\t\t\t\t\t\t<section class=\"elementor-section elementor-inner-section elementor-element elementor-element-51825d7 elementor-section-boxed elementor-section-height-default elementor-section-height-default\" data-id=\"51825d7\" data-element_type=\"section\">\n\t\t\t\t\t\t<div class=\"elementor-container elementor-column-gap-default\">\n\t\t\t\t\t<div class=\"elementor-column elementor-col-100 elementor-inner-column elementor-element elementor-element-95c990b\" data-id=\"95c990b\" data-element_type=\"column\">\n\t\t\t<div class=\"elementor-widget-wrap elementor-element-populated\">\n\t\t\t\t\t\t<div class=\"elementor-element elementor-element-9243945 elementor-widget elementor-widget-text-editor\" data-id=\"9243945\" data-element_type=\"widget\" data-widget_type=\"text-editor.default\">\n\t\t\t\t<div class=\"elementor-widget-container\">\n\t\t\t<style>\/*! elementor - v3.23.0 - 05-08-2024 *\/\n.elementor-widget-text-editor.elementor-drop-cap-view-stacked .elementor-drop-cap{background-color:#69727d;color:#fff}.elementor-widget-text-editor.elementor-drop-cap-view-framed .elementor-drop-cap{color:#69727d;border:3px solid;background-color:transparent}.elementor-widget-text-editor:not(.elementor-drop-cap-view-default) .elementor-drop-cap{margin-top:8px}.elementor-widget-text-editor:not(.elementor-drop-cap-view-default) .elementor-drop-cap-letter{width:1em;height:1em}.elementor-widget-text-editor .elementor-drop-cap{float:left;text-align:center;line-height:1;font-size:50px}.elementor-widget-text-editor .elementor-drop-cap-letter{display:inline-block}<\/style>\t\t\t\t<h2>NOUS ACCORDONS BEAUCOUP D\u2019IMPORTANCE \u00c0 LA PROTECTION DE VOS DONN\u00c9ES.<\/h2><p>Nous sommes ravis de l\u2019int\u00e9r\u00eat que vous portez \u00e0 notre site et \u00e0 notre entreprise. Malgr\u00e9 un contr\u00f4le approfondi, nous ne sommes pas responsables des liens externes renvoyant vers d\u2019autres sites.<\/p><p>\u00a0<\/p><p>Nous accordons beaucoup d\u2019importance \u00e0 la protection de vos donn\u00e9es personnelles lors de leur collecte, leur traitement et leur utilisation durant votre visite sur notre site. Vos donn\u00e9es sont prot\u00e9g\u00e9es dans le respect des dispositions l\u00e9gales. Vous trouverez ci-apr\u00e8s des informations vous pr\u00e9cisant quelles donn\u00e9es sont recueillies lors de votre visite et l\u2019usage qui en est fait. La seule base juridique sur laquelle repose la pr\u00e9sente politique de confidentialit\u00e9 est la <a href=\"https:\/\/www.fedlex.admin.ch\/eli\/cc\/1993\/1945_1945_1945\/fr\" target=\"_blank\" rel=\"noopener\">Loi f\u00e9d\u00e9rale suisse sur la protection des donn\u00e9es (LPD)<\/a><\/p><p>\u00a0<\/p><h2>COLLECTE ET TRAITEMENT DES DONN\u00c9ES<\/h2><p>Chaque acc\u00e8s \u00e0 notre site et chaque ouverture de l\u2019un des fichiers contenus sur le site sont enregistr\u00e9s. Ces informations sont conserv\u00e9es en interne en vue d\u2019optimiser le syst\u00e8me et \u00e0 des fins statistiques. L\u2019enregistrement concerne le nom du fichier ouvert, la date et l\u2019heure auxquelles il a \u00e9t\u00e9 ouvert, le volume de donn\u00e9es transmises, la notification concernant la r\u00e9ussite de l\u2019ouverture, le navigateur web et le domaine source.<\/p><p>\u00a0<\/p><p>Par ailleurs, les adresses IP des ordinateurs source sont enregistr\u00e9es.<\/p><p>\u00a0<\/p><p>Vos donn\u00e9es personnelles ne seront collect\u00e9es que si vous nous les donnez volontairement, par exemple dans le cadre d\u2019une demande de contact ou d\u2019une inscription.<\/p><p>\u00a0<\/p><h2>UTILISATION ET TRANSMISSION DES DONN\u00c9ES PERSONNELLES<\/h2><p>D\u00e8s lors que vous nous avez fourni des donn\u00e9es personnelles, nous ne les utiliserons que pour r\u00e9pondre \u00e0 vos questions, pour l\u2019ex\u00e9cution des contrats conclus avec vous et pour l\u2019administration technique, et uniquement aussi longtemps que cela est n\u00e9cessaire aux fins du traitement en question ou que nous avons un int\u00e9r\u00eat l\u00e9gitime \u00e0 les utiliser. Nous prenons des mesures techniques et organisationnelles pour prot\u00e9ger vos donn\u00e9es contre les manipulations, la perte, la destruction ou l\u2019acc\u00e8s non autoris\u00e9 par des tiers.<\/p><p>\u00a0<\/p><p>Vos donn\u00e9es personnelles ne seront divulgu\u00e9es ou transmises aux tiers que dans la mesure n\u00e9cessaire \u00e0 l\u2019ex\u00e9cution du contrat, en particulier la transmission de donn\u00e9es de commande aux fournisseurs, \u00e0 des fins de facturation ou d\u00e8s lors que vous y avez consenti. Si une transmission en ce sens est n\u00e9cessaire, nous veillons \u00e0 ce que la protection des donn\u00e9es soit garantie tout au long du traitement de vos donn\u00e9es personnelles. Vous avez le droit de r\u00e9voquer \u00e0 tout moment votre consentement avec effet pour l\u2019avenir.<\/p><p>\u00a0<\/p><p>Les donn\u00e9es personnelles enregistr\u00e9es seront supprim\u00e9es, d\u00e8s lors que vous r\u00e9voquez votre consentement \u00e0 la sauvegarde, si leur connaissance n\u2019est plus n\u00e9cessaire pour remplir l\u2019objectif poursuivi par la sauvegarde ou dans la mesure o\u00f9 leur sauvegarde est interdite pour quelque autre motif juridique.<\/p><p>\u00a0<\/p><h2>DROIT D\u2019ACC\u00c8S<\/h2><p>Nous vous informons des donn\u00e9es personnelles qui sont enregistr\u00e9es sur simple demande \u00e9crite. Pour ce faire et pour toutes les autres questions relatives \u00e0 la protection des donn\u00e9es, telles que les demandes de correction de donn\u00e9es erron\u00e9es, de suppression ou d\u2019anonymisation de donn\u00e9es qui ne sont plus n\u00e9cessaires, veuillez vous adresser \u00e0 l\u2019adresse suivante: info@degussa-goldhandel.ch<\/p><p>\u00a0<\/p><p>Remarque relative \u00e0 la s\u00e9curit\u00e9: nous nous effor\u00e7ons d\u2019utiliser tous les moyens techniques et organisationnels pour l\u2019enregistrement de vos donn\u00e9es permettant de les rendre inaccessibles aux tiers. Dans le cadre de la communication par e-mail, nous ne pouvons garantir la s\u00e9curit\u00e9 totale des donn\u00e9es, c\u2019est pourquoi nous vous recommandons de privil\u00e9gier la voie postale pour l\u2019envoi d\u2019informations confidentielles.<\/p><p>\u00a0<\/p><h2>QUI SOMMES-NOUS?<\/h2><p>Ceci est la politique de confidentialit\u00e9 de Degussa Goldhandel AG, Oberneuhofstrasse 12, 6340 Baar, <a href=\"https:\/\/www.degussa-goldhandel.ch\" target=\"_blank\" rel=\"noopener\">www.degussa-goldhandel.ch<\/a>. Si vous avez des questions au sujet de cette politique de confidentialit\u00e9, contactez-nous directement par courrier ou par e-mail:<\/p><p><a href=\"mailto:info@degussa-goldhandel.ch\">info@degussa-goldhandel.ch<\/a><\/p>\t\t\t\t\t\t<\/div>\n\t\t\t\t<\/div>\n\t\t\t\t\t<\/div>\n\t\t<\/div>\n\t\t\t\t\t<\/div>\n\t\t<\/section>\n\t\t\t\t\t<\/div>\n\t\t<\/div>\n\t\t\t\t\t<\/div>\n\t\t<\/section>\n\t\t\t\t<\/div>\n\t\t<\/div>        \t\t<\/div>\n\t\t\t\t<\/div>\n\t\t\t\t\t<\/div>\n\t\t<\/div>\n\t\t\t\t\t<\/div>\n\t\t<\/section>\n\t\t\t\t<\/div>\n\t\t","protected":false},"excerpt":{"rendered":"<p>Protection des donn\u00e9es NOUS ACCORDONS BEAUCOUP D\u2019IMPORTANCE \u00c0 LA PROTECTION DE VOS DONN\u00c9ES. Nous sommes ravis de l\u2019int\u00e9r\u00eat que vous portez \u00e0 notre site et \u00e0 notre entreprise. Malgr\u00e9 un contr\u00f4le approfondi, nous ne sommes pas responsables des liens externes renvoyant vers d\u2019autres sites. Nous accordons beaucoup d\u2019importance \u00e0 la protection de vos donn\u00e9es personnelles [&hellip;]<\/p>\n","protected":false},"author":1,"featured_media":0,"parent":0,"menu_order":10,"comment_status":"closed","ping_status":"open","template":"elementor_header_footer","meta":{"_acf_changed":false,"inline_featured_image":false,"footnotes":""},"class_list":["post-6010","page","type-page","status-publish","hentry"],"acf":[],"_links":{"self":[{"href":"https:\/\/www.degussa-goldhandel.ch\/fr\/wp-json\/wp\/v2\/pages\/6010"}],"collection":[{"href":"https:\/\/www.degussa-goldhandel.ch\/fr\/wp-json\/wp\/v2\/pages"}],"about":[{"href":"https:\/\/www.degussa-goldhandel.ch\/fr\/wp-json\/wp\/v2\/types\/page"}],"author":[{"embeddable":true,"href":"https:\/\/www.degussa-goldhandel.ch\/fr\/wp-json\/wp\/v2\/users\/1"}],"replies":[{"embeddable":true,"href":"https:\/\/www.degussa-goldhandel.ch\/fr\/wp-json\/wp\/v2\/comments?post=6010"}],"version-history":[{"count":6,"href":"https:\/\/www.degussa-goldhandel.ch\/fr\/wp-json\/wp\/v2\/pages\/6010\/revisions"}],"predecessor-version":[{"id":10794,"href":"https:\/\/www.degussa-goldhandel.ch\/fr\/wp-json\/wp\/v2\/pages\/6010\/revisions\/10794"}],"wp:attachment":[{"href":"https:\/\/www.degussa-goldhandel.ch\/fr\/wp-json\/wp\/v2\/media?parent=6010"}],"curies":[{"name":"wp","href":"https:\/\/api.w.org\/{rel}","templated":true}]}}