{"id":5367,"date":"2022-07-26T14:25:15","date_gmt":"2022-07-26T12:25:15","guid":{"rendered":"https:\/\/degussa-staging.detail-digital.ch\/?page_id=5367"},"modified":"2022-11-10T13:48:09","modified_gmt":"2022-11-10T12:48:09","slug":"pforzheim","status":"publish","type":"page","link":"https:\/\/www.degussa-goldhandel.ch\/fr\/filiales\/allemagne\/pforzheim","title":{"rendered":"Pforzheim"},"content":{"rendered":"\t\t<div data-elementor-type=\"wp-page\" data-elementor-id=\"5367\" class=\"elementor elementor-5367 elementor-3694\" data-elementor-post-type=\"page\">\n\t\t\t\t\t\t<section class=\"elementor-section elementor-top-section elementor-element elementor-element-3837351 elementor-section-boxed elementor-section-height-default elementor-section-height-default\" data-id=\"3837351\" data-element_type=\"section\">\n\t\t\t\t\t\t<div class=\"elementor-container elementor-column-gap-default\">\n\t\t\t\t\t<div class=\"elementor-column elementor-col-100 elementor-top-column elementor-element elementor-element-580303e\" data-id=\"580303e\" data-element_type=\"column\">\n\t\t\t<div class=\"elementor-widget-wrap elementor-element-populated\">\n\t\t\t\t\t\t<div class=\"elementor-element elementor-element-356ec2a elementor-widget elementor-widget-subnav\" data-id=\"356ec2a\" data-element_type=\"widget\" data-widget_type=\"subnav.default\">\n\t\t\t\t<div class=\"elementor-widget-container\">\n\t\t\t        <div class=\"degussa-subnav-container subnav gold\">\n            \n        <\/div>\n        <div class=\"degussa-subnav-container empty\"><\/div>\n        \t\t<\/div>\n\t\t\t\t<\/div>\n\t\t\t\t\t<\/div>\n\t\t<\/div>\n\t\t\t\t\t<\/div>\n\t\t<\/section>\n\t\t\t\t<section class=\"elementor-section elementor-top-section elementor-element elementor-element-f09dfa6 elementor-section-boxed elementor-section-height-default elementor-section-height-default\" data-id=\"f09dfa6\" data-element_type=\"section\">\n\t\t\t\t\t\t<div class=\"elementor-container elementor-column-gap-default\">\n\t\t\t\t\t<div class=\"elementor-column elementor-col-100 elementor-top-column elementor-element elementor-element-3ce4847\" data-id=\"3ce4847\" data-element_type=\"column\">\n\t\t\t<div class=\"elementor-widget-wrap elementor-element-populated\">\n\t\t\t\t\t\t<div class=\"elementor-element elementor-element-9fc5e4a elementor-widget elementor-widget-heading\" data-id=\"9fc5e4a\" data-element_type=\"widget\" data-widget_type=\"heading.default\">\n\t\t\t\t<div class=\"elementor-widget-container\">\n\t\t\t<style>\/*! elementor - v3.23.0 - 05-08-2024 *\/\n.elementor-heading-title{padding:0;margin:0;line-height:1}.elementor-widget-heading .elementor-heading-title[class*=elementor-size-]>a{color:inherit;font-size:inherit;line-height:inherit}.elementor-widget-heading .elementor-heading-title.elementor-size-small{font-size:15px}.elementor-widget-heading .elementor-heading-title.elementor-size-medium{font-size:19px}.elementor-widget-heading .elementor-heading-title.elementor-size-large{font-size:29px}.elementor-widget-heading .elementor-heading-title.elementor-size-xl{font-size:39px}.elementor-widget-heading .elementor-heading-title.elementor-size-xxl{font-size:59px}<\/style><h1 class=\"elementor-heading-title elementor-size-default\">BIENVENUE CHEZ NOUS A PFORZHEIM<\/h1>\t\t<\/div>\n\t\t\t\t<\/div>\n\t\t\t\t\t<\/div>\n\t\t<\/div>\n\t\t\t\t\t<\/div>\n\t\t<\/section>\n\t\t\t\t<section class=\"elementor-section elementor-top-section elementor-element elementor-element-b877d71 elementor-section-boxed elementor-section-height-default elementor-section-height-default\" data-id=\"b877d71\" data-element_type=\"section\">\n\t\t\t\t\t\t<div class=\"elementor-container elementor-column-gap-default\">\n\t\t\t\t\t<div class=\"elementor-column elementor-col-100 elementor-top-column elementor-element elementor-element-70b01cc\" data-id=\"70b01cc\" data-element_type=\"column\">\n\t\t\t<div class=\"elementor-widget-wrap elementor-element-populated\">\n\t\t\t\t\t\t<div class=\"elementor-element elementor-element-2cb26fc elementor-widget elementor-widget-contentstack\" data-id=\"2cb26fc\" data-element_type=\"widget\" data-widget_type=\"contentstack.default\">\n\t\t\t\t<div class=\"elementor-widget-container\">\n\t\t\t<div class=\"content-stack\"><style>.elementor-2199 .elementor-element.elementor-element-6cc99e7 .eael-google-map{max-width:1140px;height:590px;}.elementor-2199 .elementor-element.elementor-element-57ba7a3 img{width:100%;}<\/style>\t\t<div data-elementor-type=\"section\" data-elementor-id=\"5370\" class=\"elementor elementor-5370 elementor-3466\" data-elementor-post-type=\"elementor_library\">\n\t\t\t\t\t<section class=\"elementor-section elementor-top-section elementor-element elementor-element-cf85b99 elementor-section-boxed elementor-section-height-default elementor-section-height-default\" data-id=\"cf85b99\" data-element_type=\"section\">\n\t\t\t\t\t\t<div class=\"elementor-container elementor-column-gap-default\">\n\t\t\t\t\t<div class=\"elementor-column elementor-col-66 elementor-top-column elementor-element elementor-element-e66a14d\" data-id=\"e66a14d\" data-element_type=\"column\">\n\t\t\t<div class=\"elementor-widget-wrap elementor-element-populated\">\n\t\t\t\t\t\t<div class=\"elementor-element elementor-element-8d3646a elementor-widget elementor-widget-text-editor\" data-id=\"8d3646a\" data-element_type=\"widget\" data-widget_type=\"text-editor.default\">\n\t\t\t\t<div class=\"elementor-widget-container\">\n\t\t\t<style>\/*! elementor - v3.23.0 - 05-08-2024 *\/\n.elementor-widget-text-editor.elementor-drop-cap-view-stacked .elementor-drop-cap{background-color:#69727d;color:#fff}.elementor-widget-text-editor.elementor-drop-cap-view-framed .elementor-drop-cap{color:#69727d;border:3px solid;background-color:transparent}.elementor-widget-text-editor:not(.elementor-drop-cap-view-default) .elementor-drop-cap{margin-top:8px}.elementor-widget-text-editor:not(.elementor-drop-cap-view-default) .elementor-drop-cap-letter{width:1em;height:1em}.elementor-widget-text-editor .elementor-drop-cap{float:left;text-align:center;line-height:1;font-size:50px}.elementor-widget-text-editor .elementor-drop-cap-letter{display:inline-block}<\/style>\t\t\t\t<p>Notre \u00e9tablissement situ\u00e9 dans la ville de Pforzheim, connue pour sa tradition de joaillerie, a pour principale vocation de s\u00e9parer les m\u00e9taux pour fabriquer des produits semi-finis destin\u00e9s \u00e0 des clients de l\u2019artisanat et de l\u2019industrie, par exemple pour la fabrication de bijoux. Vous trouverez toutes les informations \u00e0 ce sujet sur le site internet de l\u2019entreprise de s\u00e9paration des m\u00e9taux.<\/p>\t\t\t\t\t\t<\/div>\n\t\t\t\t<\/div>\n\t\t\t\t<div class=\"elementor-element elementor-element-4b71926 elementor-widget elementor-widget-heading\" data-id=\"4b71926\" data-element_type=\"widget\" data-widget_type=\"heading.default\">\n\t\t\t\t<div class=\"elementor-widget-container\">\n\t\t\t<h2 class=\"elementor-heading-title elementor-size-default\">HORAIRES D\u2019OUVERTURE<\/h2>\t\t<\/div>\n\t\t\t\t<\/div>\n\t\t\t\t<div class=\"elementor-element elementor-element-f0b1051 elementor-widget elementor-widget-text-editor\" data-id=\"f0b1051\" data-element_type=\"widget\" data-widget_type=\"text-editor.default\">\n\t\t\t\t<div class=\"elementor-widget-container\">\n\t\t\t\t\t\t\t<ul><li>Du lundi au mercredi, et le vendredi de 10h \u00e0 17h<\/li><li>Le jeudi de 10h \u00e0 18h<\/li><\/ul>\t\t\t\t\t\t<\/div>\n\t\t\t\t<\/div>\n\t\t\t\t<div class=\"elementor-element elementor-element-94a6ae0 elementor-widget elementor-widget-heading\" data-id=\"94a6ae0\" data-element_type=\"widget\" data-widget_type=\"heading.default\">\n\t\t\t\t<div class=\"elementor-widget-container\">\n\t\t\t<h2 class=\"elementor-heading-title elementor-size-default\">NOTRE ADRESSE<\/h2>\t\t<\/div>\n\t\t\t\t<\/div>\n\t\t\t\t<div class=\"elementor-element elementor-element-15749ed elementor-widget elementor-widget-text-editor\" data-id=\"15749ed\" data-element_type=\"widget\" data-widget_type=\"text-editor.default\">\n\t\t\t\t<div class=\"elementor-widget-container\">\n\t\t\t\t\t\t\t<p>Degussa Goldhandel GmbH<br \/>Freiburger Stra\u00dfe 12<br \/>75179 Pforzheim<\/p><ul><li><a href=\"tel:+447231587950\">07231 \u2013 58795-0<\/a><\/li><li><a href=\"mailto:pforzheim@degussa-goldhandel.de\">pforzheim@degussa-goldhandel.de<\/a><\/li><\/ul>\t\t\t\t\t\t<\/div>\n\t\t\t\t<\/div>\n\t\t\t\t<div class=\"elementor-element elementor-element-6cc99e7 elementor-widget elementor-widget-eael-google-map\" data-id=\"6cc99e7\" data-element_type=\"widget\" data-widget_type=\"eael-google-map.default\">\n\t\t\t\t<div class=\"elementor-widget-container\">\n\t\t\t\n\t\t\t\t\t<div class=\"eael-google-map eael-google-map-basic\" id=\"eael-google-map-6cc99e7\" data-id=\"6cc99e7\" data-map-center-lat=\"\" data-map-center-lng=\"\" data-map_type=\"basic\" data-map_address_type=\"address\" data-map_lat=\"28.948790\" data-map_lng=\"-81.298843\" data-map_addr=\"Degussa Goldhandel GmbH Freiburger Stra\u00dfe 12 75179 Pforzheim\" data-map_basic_marker_title=\"Degussa Goldhandel GmbH\" data-map_basic_marker_content=\"Degussa Goldhandel GmbH&lt;br&gt;\nFreiburger Stra\u00dfe 12&lt;br&gt;\n75179 Pforzheim&lt;br&gt;&lt;br&gt;\n\n07231 \u2013 58795-0&lt;br&gt;\npforzheim@degussa-goldhandel.de&lt;br&gt;&lt;br&gt;\n\nMontag \u2013 Mittwoch, Freitag 10.00 \u2013 17.00 Uhr&lt;br&gt;\nDonnerstag 10.00 \u2013 18.00 Uhr\n\n\" data-map_basic_marker_icon_enable=\"yes\" data-map_basic_marker_icon=\"https:\/\/www.degussa-goldhandel.ch\/wp-content\/uploads\/2022\/05\/MapMarker-1.png\" data-map_basic_marker_icon_width=\"220\" data-map_basic_marker_icon_height=\"60\" data-map_zoom=\"18\" data-map_markers=\"%5B%7B%22eael_google_map_marker_title%22%3A%22Map+Marker+1%22%2C%22_id%22%3A%22353e9b0%22%2C%22eael_google_map_marker_lat%22%3A%2228.948790%22%2C%22eael_google_map_marker_lng%22%3A%22-81.298843%22%2C%22eael_google_map_marker_content%22%3A%22Marker+Content.+You+can+put+html+here.%22%2C%22eael_google_map_marker_icon_color%22%3A%22%23e23a47%22%2C%22eael_google_map_marker_icon_enable%22%3A%22no%22%2C%22eael_google_map_marker_icon%22%3A%7B%22url%22%3A%22%22%2C%22id%22%3A%22%22%2C%22size%22%3A%22%22%7D%2C%22eael_google_map_marker_icon_width%22%3A%2232%22%2C%22eael_google_map_marker_icon_height%22%3A%2232%22%7D%5D\" data-map_static_width=\"610\" data-map_static_height=\"300\" data-map_polylines=\"null\" data-map_stroke_color=\"#e23a47\" data-map_stroke_opacity=\"0.8\" data-map_stroke_weight=\"4\" data-map_stroke_fill_color=\"#e23a47\" data-map_stroke_fill_opacity=\"0.4\" data-map_theme=\"%22%5B%5Cn++%7B%5Cn++++%5C%22stylers%5C%22%3A+%5B%5Cn++++++%7B%5Cn++++++++%5C%22color%5C%22%3A+%5C%22%23423628%5C%22%5Cn++++++%7D%2C%5Cn++++++%7B%5Cn++++++++%5C%22visibility%5C%22%3A+%5C%22simplified%5C%22%5Cn++++++%7D%5Cn++++%5D%5Cn++%7D%2C%5Cn++%7B%5Cn++++%5C%22featureType%5C%22%3A+%5C%22administrative%5C%22%2C%5Cn++++%5C%22stylers%5C%22%3A+%5B%5Cn++++++%7B%5Cn++++++++%5C%22color%5C%22%3A+%5C%22%23be9f56%5C%22%5Cn++++++%7D%5Cn++++%5D%5Cn++%7D%2C%5Cn++%7B%5Cn++++%5C%22featureType%5C%22%3A+%5C%22administrative%5C%22%2C%5Cn++++%5C%22elementType%5C%22%3A+%5C%22geometry%5C%22%2C%5Cn++++%5C%22stylers%5C%22%3A+%5B%5Cn++++++%7B%5Cn++++++++%5C%22visibility%5C%22%3A+%5C%22off%5C%22%5Cn++++++%7D%5Cn++++%5D%5Cn++%7D%2C%5Cn++%7B%5Cn++++%5C%22featureType%5C%22%3A+%5C%22administrative%5C%22%2C%5Cn++++%5C%22elementType%5C%22%3A+%5C%22labels.text%5C%22%2C%5Cn++++%5C%22stylers%5C%22%3A+%5B%5Cn++++++%7B%5Cn++++++++%5C%22color%5C%22%3A+%5C%22%23ffffff%5C%22%5Cn++++++%7D%5Cn++++%5D%5Cn++%7D%2C%5Cn++%7B%5Cn++++%5C%22featureType%5C%22%3A+%5C%22administrative.locality%5C%22%2C%5Cn++++%5C%22elementType%5C%22%3A+%5C%22labels.text%5C%22%2C%5Cn++++%5C%22stylers%5C%22%3A+%5B%5Cn++++++%7B%5Cn++++++++%5C%22color%5C%22%3A+%5C%22%23ffffff%5C%22%5Cn++++++%7D%5Cn++++%5D%5Cn++%7D%2C%5Cn++%7B%5Cn++++%5C%22featureType%5C%22%3A+%5C%22landscape%5C%22%2C%5Cn++++%5C%22elementType%5C%22%3A+%5C%22geometry.fill%5C%22%2C%5Cn++++%5C%22stylers%5C%22%3A+%5B%5Cn++++++%7B%5Cn++++++++%5C%22weight%5C%22%3A+1%5Cn++++++%7D%5Cn++++%5D%5Cn++%7D%2C%5Cn++%7B%5Cn++++%5C%22featureType%5C%22%3A+%5C%22landscape.man_made%5C%22%2C%5Cn++++%5C%22elementType%5C%22%3A+%5C%22geometry.fill%5C%22%2C%5Cn++++%5C%22stylers%5C%22%3A+%5B%5Cn++++++%7B%5Cn++++++++%5C%22visibility%5C%22%3A+%5C%22off%5C%22%5Cn++++++%7D%5Cn++++%5D%5Cn++%7D%2C%5Cn++%7B%5Cn++++%5C%22featureType%5C%22%3A+%5C%22landscape.man_made%5C%22%2C%5Cn++++%5C%22elementType%5C%22%3A+%5C%22geometry.stroke%5C%22%2C%5Cn++++%5C%22stylers%5C%22%3A+%5B%5Cn++++++%7B%5Cn++++++++%5C%22color%5C%22%3A+%5C%22%23be9f56%5C%22%5Cn++++++%7D%2C%5Cn++++++%7B%5Cn++++++++%5C%22visibility%5C%22%3A+%5C%22on%5C%22%5Cn++++++%7D%5Cn++++%5D%5Cn++%7D%2C%5Cn++%7B%5Cn++++%5C%22featureType%5C%22%3A+%5C%22poi%5C%22%2C%5Cn++++%5C%22stylers%5C%22%3A+%5B%5Cn++++++%7B%5Cn++++++++%5C%22visibility%5C%22%3A+%5C%22off%5C%22%5Cn++++++%7D%5Cn++++%5D%5Cn++%7D%2C%5Cn++%7B%5Cn++++%5C%22featureType%5C%22%3A+%5C%22poi%5C%22%2C%5Cn++++%5C%22elementType%5C%22%3A+%5C%22labels.text%5C%22%2C%5Cn++++%5C%22stylers%5C%22%3A+%5B%5Cn++++++%7B%5Cn++++++++%5C%22visibility%5C%22%3A+%5C%22off%5C%22%5Cn++++++%7D%5Cn++++%5D%5Cn++%7D%2C%5Cn++%7B%5Cn++++%5C%22featureType%5C%22%3A+%5C%22road%5C%22%2C%5Cn++++%5C%22elementType%5C%22%3A+%5C%22geometry.fill%5C%22%2C%5Cn++++%5C%22stylers%5C%22%3A+%5B%5Cn++++++%7B%5Cn++++++++%5C%22color%5C%22%3A+%5C%22%23be9f56%5C%22%5Cn++++++%7D%5Cn++++%5D%5Cn++%7D%2C%5Cn++%7B%5Cn++++%5C%22featureType%5C%22%3A+%5C%22road%5C%22%2C%5Cn++++%5C%22elementType%5C%22%3A+%5C%22labels.icon%5C%22%2C%5Cn++++%5C%22stylers%5C%22%3A+%5B%5Cn++++++%7B%5Cn++++++++%5C%22visibility%5C%22%3A+%5C%22off%5C%22%5Cn++++++%7D%5Cn++++%5D%5Cn++%7D%2C%5Cn++%7B%5Cn++++%5C%22featureType%5C%22%3A+%5C%22road%5C%22%2C%5Cn++++%5C%22elementType%5C%22%3A+%5C%22labels.text%5C%22%2C%5Cn++++%5C%22stylers%5C%22%3A+%5B%5Cn++++++%7B%5Cn++++++++%5C%22color%5C%22%3A+%5C%22%23ffffff%5C%22%5Cn++++++%7D%5Cn++++%5D%5Cn++%7D%2C%5Cn++%7B%5Cn++++%5C%22featureType%5C%22%3A+%5C%22transit%5C%22%2C%5Cn++++%5C%22stylers%5C%22%3A+%5B%5Cn++++++%7B%5Cn++++++++%5C%22visibility%5C%22%3A+%5C%22simplified%5C%22%5Cn++++++%7D%5Cn++++%5D%5Cn++%7D%2C%5Cn++%7B%5Cn++++%5C%22featureType%5C%22%3A+%5C%22transit%5C%22%2C%5Cn++++%5C%22elementType%5C%22%3A+%5C%22labels%5C%22%2C%5Cn++++%5C%22stylers%5C%22%3A+%5B%5Cn++++++%7B%5Cn++++++++%5C%22visibility%5C%22%3A+%5C%22off%5C%22%5Cn++++++%7D%5Cn++++%5D%5Cn++%7D%2C%5Cn++%7B%5Cn++++%5C%22featureType%5C%22%3A+%5C%22water%5C%22%2C%5Cn++++%5C%22elementType%5C%22%3A+%5C%22labels.text%5C%22%2C%5Cn++++%5C%22stylers%5C%22%3A+%5B%5Cn++++++%7B%5Cn++++++++%5C%22visibility%5C%22%3A+%5C%22off%5C%22%5Cn++++++%7D%5Cn++++%5D%5Cn++%7D%5Cn%5D%22\" data-map_streeview_control=\"false\" data-map_type_control=\"false\" data-map_zoom_control=\"false\" data-map_fullscreen_control=\"false\" data-map_scroll_zoom=\"true\"><\/div>\n\t\t\t\t<div class=\"google-map-notice\"><\/div>\n\t\t<\/div>\n\t\t\t\t<\/div>\n\t\t\t\t\t<\/div>\n\t\t<\/div>\n\t\t\t\t<div class=\"elementor-column elementor-col-33 elementor-top-column elementor-element elementor-element-ffb6edc\" data-id=\"ffb6edc\" data-element_type=\"column\">\n\t\t\t<div class=\"elementor-widget-wrap elementor-element-populated\">\n\t\t\t\t\t\t<div class=\"elementor-element elementor-element-57ba7a3 elementor-widget elementor-widget-image\" data-id=\"57ba7a3\" data-element_type=\"widget\" data-widget_type=\"image.default\">\n\t\t\t\t<div class=\"elementor-widget-container\">\n\t\t\t<style>\/*! elementor - v3.23.0 - 05-08-2024 *\/\n.elementor-widget-image{text-align:center}.elementor-widget-image a{display:inline-block}.elementor-widget-image a img[src$=\".svg\"]{width:48px}.elementor-widget-image img{vertical-align:middle;display:inline-block}<\/style>\t\t\t\t\t\t\t\t\t\t<img fetchpriority=\"high\" decoding=\"async\" width=\"640\" height=\"640\" src=\"https:\/\/www.degussa-goldhandel.ch\/wp-content\/uploads\/2022\/05\/141024-Degussa-PF-Aussenbereich.jpg\" class=\"attachment-large size-large wp-image-2551\" alt=\"Degussa Filiale Aussen\" srcset=\"https:\/\/www.degussa-goldhandel.ch\/wp-content\/uploads\/2022\/05\/141024-Degussa-PF-Aussenbereich.jpg 640w, https:\/\/www.degussa-goldhandel.ch\/wp-content\/uploads\/2022\/05\/141024-Degussa-PF-Aussenbereich-300x300.jpg 300w, https:\/\/www.degussa-goldhandel.ch\/wp-content\/uploads\/2022\/05\/141024-Degussa-PF-Aussenbereich-150x150.jpg 150w, https:\/\/www.degussa-goldhandel.ch\/wp-content\/uploads\/2022\/05\/141024-Degussa-PF-Aussenbereich-600x600.jpg 600w, https:\/\/www.degussa-goldhandel.ch\/wp-content\/uploads\/2022\/05\/141024-Degussa-PF-Aussenbereich-100x100.jpg 100w\" sizes=\"(max-width: 640px) 100vw, 640px\" \/>\t\t\t\t\t\t\t\t\t\t\t\t\t<\/div>\n\t\t\t\t<\/div>\n\t\t\t\t\t<\/div>\n\t\t<\/div>\n\t\t\t\t\t<\/div>\n\t\t<\/section>\n\t\t\t\t<\/div>\n\t\t<\/div><div class=\"content-stack\"><style>.elementor-1293 .elementor-element.elementor-element-8423b5a > .elementor-widget-wrap > .elementor-widget:not(.elementor-widget__width-auto):not(.elementor-widget__width-initial):not(:last-child):not(.elementor-absolute){margin-bottom:0px;}.elementor-1293 .elementor-element.elementor-element-acacb19 .elementor-repeater-item-53b396a .swiper-slide-bg{background-color:var( --e-global-color-secondary );background-image:url(https:\/\/www.degussa-goldhandel.ch\/wp-content\/uploads\/2022\/05\/globe-2023-10-18.webp);background-size:cover;}.elementor-1293 .elementor-element.elementor-element-acacb19 .swiper-slide{height:401px;}.elementor-1293 .elementor-element.elementor-element-acacb19 .swiper-slide-contents{max-width:66%;}.elementor-1293 .elementor-element.elementor-element-acacb19 .swiper-slide-inner{text-align:center;}.elementor-1293 .elementor-element.elementor-element-acacb19 > .elementor-widget-container{margin:0px 0px 0px 0px;}<\/style>\t\t<div data-elementor-type=\"section\" data-elementor-id=\"6115\" class=\"elementor elementor-6115 elementor-1293\" data-elementor-post-type=\"elementor_library\">\n\t\t\t\t\t<section class=\"elementor-section elementor-top-section elementor-element elementor-element-89902c9 incomplete elementor-section-boxed elementor-section-height-default elementor-section-height-default\" data-id=\"89902c9\" data-element_type=\"section\">\n\t\t\t\t\t\t<div class=\"elementor-container elementor-column-gap-default\">\n\t\t\t\t\t<div class=\"elementor-column elementor-col-100 elementor-top-column elementor-element elementor-element-a544d0b\" data-id=\"a544d0b\" data-element_type=\"column\">\n\t\t\t<div class=\"elementor-widget-wrap elementor-element-populated\">\n\t\t\t\t\t\t<section class=\"elementor-section elementor-inner-section elementor-element elementor-element-8b184ea elementor-section-boxed elementor-section-height-default elementor-section-height-default\" data-id=\"8b184ea\" data-element_type=\"section\">\n\t\t\t\t\t\t<div class=\"elementor-container elementor-column-gap-no\">\n\t\t\t\t\t<div class=\"elementor-column elementor-col-100 elementor-inner-column elementor-element elementor-element-8423b5a\" data-id=\"8423b5a\" data-element_type=\"column\">\n\t\t\t<div class=\"elementor-widget-wrap elementor-element-populated\">\n\t\t\t\t\t\t<div class=\"elementor-element elementor-element-acacb19 elementor--h-position-center elementor--v-position-middle elementor-widget elementor-widget-slides\" data-id=\"acacb19\" data-element_type=\"widget\" data-settings=\"{&quot;navigation&quot;:&quot;none&quot;,&quot;transition&quot;:&quot;slide&quot;,&quot;transition_speed&quot;:500}\" data-widget_type=\"slides.default\">\n\t\t\t\t<div class=\"elementor-widget-container\">\n\t\t\t<style>\/*! elementor-pro - v3.23.0 - 05-08-2024 *\/\n.elementor-slides .swiper-slide-bg{background-size:cover;background-position:50%;background-repeat:no-repeat;min-width:100%;min-height:100%}.elementor-slides .swiper-slide-inner{background-repeat:no-repeat;background-position:50%;position:absolute;top:0;left:0;bottom:0;right:0;padding:50px;margin:auto}.elementor-slides .swiper-slide-inner,.elementor-slides .swiper-slide-inner:hover{color:#fff;display:flex}.elementor-slides .swiper-slide-inner .elementor-background-overlay{position:absolute;z-index:0;top:0;bottom:0;left:0;right:0}.elementor-slides .swiper-slide-inner .elementor-slide-content{position:relative;z-index:1;width:100%}.elementor-slides .swiper-slide-inner .elementor-slide-heading{font-size:35px;font-weight:700;line-height:1}.elementor-slides .swiper-slide-inner .elementor-slide-description{font-size:17px;line-height:1.4}.elementor-slides .swiper-slide-inner .elementor-slide-description:not(:last-child),.elementor-slides .swiper-slide-inner .elementor-slide-heading:not(:last-child){margin-bottom:30px}.elementor-slides .swiper-slide-inner .elementor-slide-button{border:2px solid #fff;color:#fff;background:transparent;display:inline-block}.elementor-slides .swiper-slide-inner .elementor-slide-button,.elementor-slides .swiper-slide-inner .elementor-slide-button:hover{background:transparent;color:inherit;text-decoration:none}.elementor--v-position-top .swiper-slide-inner{align-items:flex-start}.elementor--v-position-bottom .swiper-slide-inner{align-items:flex-end}.elementor--v-position-middle .swiper-slide-inner{align-items:center}.elementor--h-position-left .swiper-slide-inner{justify-content:flex-start}.elementor--h-position-right .swiper-slide-inner{justify-content:flex-end}.elementor--h-position-center .swiper-slide-inner{justify-content:center}body.rtl .elementor-widget-slides .elementor-swiper-button-next{left:10px;right:auto}body.rtl .elementor-widget-slides .elementor-swiper-button-prev{right:10px;left:auto}.elementor-slides-wrapper div:not(.swiper-slide)>.swiper-slide-inner{display:none}@media (max-width:767px){.elementor-slides .swiper-slide-inner{padding:30px}.elementor-slides .swiper-slide-inner .elementor-slide-heading{font-size:23px;line-height:1;margin-bottom:15px}.elementor-slides .swiper-slide-inner .elementor-slide-description{font-size:13px;line-height:1.4;margin-bottom:15px}}<\/style>\t\t<div class=\"elementor-swiper\">\n\t\t\t<div class=\"elementor-slides-wrapper elementor-main-swiper swiper\" dir=\"ltr\" data-animation=\"fadeInUp\">\n\t\t\t\t<div class=\"swiper-wrapper elementor-slides\">\n\t\t\t\t\t\t\t\t\t\t<div class=\"elementor-repeater-item-53b396a swiper-slide\"><div class=\"swiper-slide-bg\" role=\"img\"><\/div><div class=\"swiper-slide-inner\" ><div class=\"swiper-slide-contents\"><\/div><\/div><\/div>\t\t\t\t<\/div>\n\t\t\t\t\t\t\t<\/div>\n\t\t<\/div>\n\t\t\t\t<\/div>\n\t\t\t\t<\/div>\n\t\t\t\t<div class=\"elementor-element elementor-element-feb9a5d elementor-widget elementor-widget-slidercontext\" data-id=\"feb9a5d\" data-element_type=\"widget\" data-widget_type=\"slidercontext.default\">\n\t\t\t\t<div class=\"elementor-widget-container\">\n\t\t\t        <div class=\"degussa-product-slider-outer-container nopadding\">\n            <div class=\"degussa-slider-context\">\n                <div class=\"slider-title\">Un r\u00e9seau mondial <\/div>\n                <div class=\"slider-actions\">\n                    <a class=\"context-link\" href=\"https:\/\/www.degussa-goldhandel.ch\/fr\/filiales\"><span>Contact<\/span>\n                        <\/a><a class=\"context-link\" href=\"https:\/\/www.degussa-goldhandel.ch\/fr\/confiance\/affiliations\"><span>Affiliations<\/span>\n                        <\/a><a class=\"context-link\" href=\"https:\/\/www.degussa-goldhandel.ch\/fr\/confiance\/partenariat\"><span>Partenariat<\/span>\n                        <\/a>\n                <\/div>\n            <\/div>\n        <\/div>\n        \t\t<\/div>\n\t\t\t\t<\/div>\n\t\t\t\t\t<\/div>\n\t\t<\/div>\n\t\t\t\t\t<\/div>\n\t\t<\/section>\n\t\t\t\t\t<\/div>\n\t\t<\/div>\n\t\t\t\t\t<\/div>\n\t\t<\/section>\n\t\t\t\t<\/div>\n\t\t<\/div>        \t\t<\/div>\n\t\t\t\t<\/div>\n\t\t\t\t\t<\/div>\n\t\t<\/div>\n\t\t\t\t\t<\/div>\n\t\t<\/section>\n\t\t\t\t<\/div>\n\t\t","protected":false},"excerpt":{"rendered":"<p>BIENVENUE CHEZ NOUS A PFORZHEIM Notre \u00e9tablissement situ\u00e9 dans la ville de Pforzheim, connue pour sa tradition de joaillerie, a pour principale vocation de s\u00e9parer les m\u00e9taux pour fabriquer des produits semi-finis destin\u00e9s \u00e0 des clients de l\u2019artisanat et de l\u2019industrie, par exemple pour la fabrication de bijoux. Vous trouverez toutes les informations \u00e0 ce [&hellip;]<\/p>\n","protected":false},"author":1,"featured_media":0,"parent":10749,"menu_order":9,"comment_status":"closed","ping_status":"closed","template":"elementor_header_footer","meta":{"_acf_changed":false,"inline_featured_image":false,"footnotes":""},"class_list":["post-5367","page","type-page","status-publish","hentry"],"acf":[],"_links":{"self":[{"href":"https:\/\/www.degussa-goldhandel.ch\/fr\/wp-json\/wp\/v2\/pages\/5367"}],"collection":[{"href":"https:\/\/www.degussa-goldhandel.ch\/fr\/wp-json\/wp\/v2\/pages"}],"about":[{"href":"https:\/\/www.degussa-goldhandel.ch\/fr\/wp-json\/wp\/v2\/types\/page"}],"author":[{"embeddable":true,"href":"https:\/\/www.degussa-goldhandel.ch\/fr\/wp-json\/wp\/v2\/users\/1"}],"replies":[{"embeddable":true,"href":"https:\/\/www.degussa-goldhandel.ch\/fr\/wp-json\/wp\/v2\/comments?post=5367"}],"version-history":[{"count":5,"href":"https:\/\/www.degussa-goldhandel.ch\/fr\/wp-json\/wp\/v2\/pages\/5367\/revisions"}],"predecessor-version":[{"id":10786,"href":"https:\/\/www.degussa-goldhandel.ch\/fr\/wp-json\/wp\/v2\/pages\/5367\/revisions\/10786"}],"up":[{"embeddable":true,"href":"https:\/\/www.degussa-goldhandel.ch\/fr\/wp-json\/wp\/v2\/pages\/10749"}],"wp:attachment":[{"href":"https:\/\/www.degussa-goldhandel.ch\/fr\/wp-json\/wp\/v2\/media?parent=5367"}],"curies":[{"name":"wp","href":"https:\/\/api.w.org\/{rel}","templated":true}]}}