{"id":4979,"date":"2022-07-26T14:35:58","date_gmt":"2022-07-26T12:35:58","guid":{"rendered":"https:\/\/degussa-staging.detail-digital.ch\/?page_id=4979"},"modified":"2022-11-10T13:46:19","modified_gmt":"2022-11-10T12:46:19","slug":"entrepot-domestique","status":"publish","type":"page","link":"https:\/\/www.degussa-goldhandel.ch\/fr\/offre\/entrepot-domestique","title":{"rendered":"Entrep\u00f4t domestique"},"content":{"rendered":"\t\t<div data-elementor-type=\"wp-page\" data-elementor-id=\"4979\" class=\"elementor elementor-4979 elementor-3734\" data-elementor-post-type=\"page\">\n\t\t\t\t\t\t<section class=\"elementor-section elementor-top-section elementor-element elementor-element-e08612e elementor-section-boxed elementor-section-height-default elementor-section-height-default\" data-id=\"e08612e\" data-element_type=\"section\">\n\t\t\t\t\t\t<div class=\"elementor-container elementor-column-gap-default\">\n\t\t\t\t\t<div class=\"elementor-column elementor-col-100 elementor-top-column elementor-element elementor-element-05a0d5a\" data-id=\"05a0d5a\" data-element_type=\"column\">\n\t\t\t<div class=\"elementor-widget-wrap elementor-element-populated\">\n\t\t\t\t\t\t<div class=\"elementor-element elementor-element-04a0c5c elementor-widget elementor-widget-subnav\" data-id=\"04a0c5c\" data-element_type=\"widget\" data-widget_type=\"subnav.default\">\n\t\t\t\t<div class=\"elementor-widget-container\">\n\t\t\t        <div class=\"degussa-subnav-container subnav gold\">\n                            <div class=\"subnav-item\">\n                    <a href=\"https:\/\/www.degussa-goldhandel.ch\/services\/schliessfaecher\">Schliessf\u00e4cher<\/a>\n                <\/div>\n                            <div class=\"subnav-item\">\n                    <a href=\"https:\/\/www.degussa-goldhandel.ch\/services\/verpfaendung-goldbarren\">Verpf\u00e4ndung Goldbarren<\/a>\n                <\/div>\n                            <div class=\"subnav-item\">\n                    <a href=\"https:\/\/www.degussa-goldhandel.ch\/services\/zollfreilager\">Zollfreilager<\/a>\n                <\/div>\n                            <div class=\"subnav-item\">\n                    <a href=\"https:\/\/www.degussa-goldhandel.ch\/services\/persoenliche-praegung\">Pr\u00e4gung<\/a>\n                <\/div>\n            \n        <\/div>\n        <div class=\"degussa-subnav-container empty\"><\/div>\n        \t\t<\/div>\n\t\t\t\t<\/div>\n\t\t\t\t\t<\/div>\n\t\t<\/div>\n\t\t\t\t\t<\/div>\n\t\t<\/section>\n\t\t\t\t<section class=\"elementor-section elementor-top-section elementor-element elementor-element-6e3c4ed elementor-section-boxed elementor-section-height-default elementor-section-height-default\" data-id=\"6e3c4ed\" data-element_type=\"section\">\n\t\t\t\t\t\t<div class=\"elementor-container elementor-column-gap-default\">\n\t\t\t\t\t<div class=\"elementor-column elementor-col-100 elementor-top-column elementor-element elementor-element-49063a4\" data-id=\"49063a4\" data-element_type=\"column\">\n\t\t\t<div class=\"elementor-widget-wrap elementor-element-populated\">\n\t\t\t\t\t\t<div class=\"elementor-element elementor-element-e46eaf8 elementor-widget elementor-widget-heading\" data-id=\"e46eaf8\" data-element_type=\"widget\" data-widget_type=\"heading.default\">\n\t\t\t\t<div class=\"elementor-widget-container\">\n\t\t\t<style>\/*! elementor - v3.23.0 - 05-08-2024 *\/\n.elementor-heading-title{padding:0;margin:0;line-height:1}.elementor-widget-heading .elementor-heading-title[class*=elementor-size-]>a{color:inherit;font-size:inherit;line-height:inherit}.elementor-widget-heading .elementor-heading-title.elementor-size-small{font-size:15px}.elementor-widget-heading .elementor-heading-title.elementor-size-medium{font-size:19px}.elementor-widget-heading .elementor-heading-title.elementor-size-large{font-size:29px}.elementor-widget-heading .elementor-heading-title.elementor-size-xl{font-size:39px}.elementor-widget-heading .elementor-heading-title.elementor-size-xxl{font-size:59px}<\/style><h1 class=\"elementor-heading-title elementor-size-default\">Vos metaux precieux en securite aussi apres leur achat<\/h1>\t\t<\/div>\n\t\t\t\t<\/div>\n\t\t\t\t\t<\/div>\n\t\t<\/div>\n\t\t\t\t\t<\/div>\n\t\t<\/section>\n\t\t\t\t<section class=\"elementor-section elementor-top-section elementor-element elementor-element-8acc3d5 elementor-section-boxed elementor-section-height-default elementor-section-height-default\" data-id=\"8acc3d5\" data-element_type=\"section\">\n\t\t\t\t\t\t<div class=\"elementor-container elementor-column-gap-default\">\n\t\t\t\t\t<div class=\"elementor-column elementor-col-100 elementor-top-column elementor-element elementor-element-3ff0c6e\" data-id=\"3ff0c6e\" data-element_type=\"column\">\n\t\t\t<div class=\"elementor-widget-wrap elementor-element-populated\">\n\t\t\t\t\t\t<div class=\"elementor-element elementor-element-894eee7 elementor-widget elementor-widget-contentstack\" data-id=\"894eee7\" data-element_type=\"widget\" data-widget_type=\"contentstack.default\">\n\t\t\t\t<div class=\"elementor-widget-container\">\n\t\t\t<div class=\"content-stack\"><style><\/style>\t\t<div data-elementor-type=\"section\" data-elementor-id=\"4981\" class=\"elementor elementor-4981 elementor-3410\" data-elementor-post-type=\"elementor_library\">\n\t\t\t\t\t<section class=\"elementor-section elementor-top-section elementor-element elementor-element-e0876d9 elementor-section-boxed elementor-section-height-default elementor-section-height-default\" data-id=\"e0876d9\" data-element_type=\"section\">\n\t\t\t\t\t\t<div class=\"elementor-container elementor-column-gap-default\">\n\t\t\t\t\t<div class=\"elementor-column elementor-col-66 elementor-top-column elementor-element elementor-element-d0ef6d9\" data-id=\"d0ef6d9\" data-element_type=\"column\">\n\t\t\t<div class=\"elementor-widget-wrap elementor-element-populated\">\n\t\t\t\t\t\t<div class=\"elementor-element elementor-element-557c16c elementor-widget elementor-widget-heading\" data-id=\"557c16c\" data-element_type=\"widget\" data-widget_type=\"heading.default\">\n\t\t\t\t<div class=\"elementor-widget-container\">\n\t\t\t<h2 class=\"elementor-heading-title elementor-size-default\">CONSERVEZ VOS M\u00c9TAUX PR\u00c9CIEUX EN TOUTE S\u00c9CURIT\u00c9 DANS UN ENTREP\u00d4T DOMESTIQUE \u00c0 DEGUSSA\u200b<\/h2>\t\t<\/div>\n\t\t\t\t<\/div>\n\t\t\t\t<div class=\"elementor-element elementor-element-1352812 elementor-widget elementor-widget-text-editor\" data-id=\"1352812\" data-element_type=\"widget\" data-widget_type=\"text-editor.default\">\n\t\t\t\t<div class=\"elementor-widget-container\">\n\t\t\t<style>\/*! elementor - v3.23.0 - 05-08-2024 *\/\n.elementor-widget-text-editor.elementor-drop-cap-view-stacked .elementor-drop-cap{background-color:#69727d;color:#fff}.elementor-widget-text-editor.elementor-drop-cap-view-framed .elementor-drop-cap{color:#69727d;border:3px solid;background-color:transparent}.elementor-widget-text-editor:not(.elementor-drop-cap-view-default) .elementor-drop-cap{margin-top:8px}.elementor-widget-text-editor:not(.elementor-drop-cap-view-default) .elementor-drop-cap-letter{width:1em;height:1em}.elementor-widget-text-editor .elementor-drop-cap{float:left;text-align:center;line-height:1;font-size:50px}.elementor-widget-text-editor .elementor-drop-cap-letter{display:inline-block}<\/style>\t\t\t\t<p>Nos entrep\u00f4ts garantissent des normes de s\u00e9curit\u00e9 normalement r\u00e9serv\u00e9es aux investisseurs institutionnels. Vous pouvez ainsi b\u00e9n\u00e9ficier d\u2019un stockage professionnel de vos m\u00e9taux pr\u00e9cieux en dehors du syst\u00e8me bancaire. Pour l\u2019argent, le platine et le palladium, vous pouvez acheter et stocker vos barres dans l\u2019un de nos entrep\u00f4ts hors taxe, o\u00f9 la TVA n\u2019est applicable que si vous prenez livraison de vos m\u00e9taux pr\u00e9cieux.<\/p>\t\t\t\t\t\t<\/div>\n\t\t\t\t<\/div>\n\t\t\t\t<div class=\"elementor-element elementor-element-9e502fb elementor-widget elementor-widget-heading\" data-id=\"9e502fb\" data-element_type=\"widget\" data-widget_type=\"heading.default\">\n\t\t\t\t<div class=\"elementor-widget-container\">\n\t\t\t<h2 class=\"elementor-heading-title elementor-size-default\">SITE DE STOCKAGE\u200b<\/h2>\t\t<\/div>\n\t\t\t\t<\/div>\n\t\t\t\t<div class=\"elementor-element elementor-element-e82480c elementor-widget elementor-widget-text-editor\" data-id=\"e82480c\" data-element_type=\"widget\" data-widget_type=\"text-editor.default\">\n\t\t\t\t<div class=\"elementor-widget-container\">\n\t\t\t\t\t\t\t<p>Nos entrep\u00f4ts hautement s\u00e9curis\u00e9s sont situ\u00e9s en Suisse. Sur demande, Degussa organise la garde de vos m\u00e9taux pr\u00e9cieux par des entreprises partenaires en Europe, en Asie ou en Am\u00e9rique du Nord. Les d\u00e9p\u00f4ts sont effectu\u00e9s en tant que garde individuelle, ce qui garantit toujours votre propri\u00e9t\u00e9. Un auditeur v\u00e9rifie r\u00e9guli\u00e8rement les stocks et vous recevez des informations d\u00e9taill\u00e9es sur votre inventaire sur une base annuelle.<\/p>\t\t\t\t\t\t<\/div>\n\t\t\t\t<\/div>\n\t\t\t\t\t<\/div>\n\t\t<\/div>\n\t\t\t\t<div class=\"elementor-column elementor-col-33 elementor-top-column elementor-element elementor-element-c373696\" data-id=\"c373696\" data-element_type=\"column\">\n\t\t\t<div class=\"elementor-widget-wrap elementor-element-populated\">\n\t\t\t\t\t\t<div class=\"elementor-element elementor-element-3ced8a2 elementor-widget elementor-widget-image\" data-id=\"3ced8a2\" data-element_type=\"widget\" data-widget_type=\"image.default\">\n\t\t\t\t<div class=\"elementor-widget-container\">\n\t\t\t<style>\/*! elementor - v3.23.0 - 05-08-2024 *\/\n.elementor-widget-image{text-align:center}.elementor-widget-image a{display:inline-block}.elementor-widget-image a img[src$=\".svg\"]{width:48px}.elementor-widget-image img{vertical-align:middle;display:inline-block}<\/style>\t\t\t\t\t\t\t\t\t\t<img fetchpriority=\"high\" decoding=\"async\" width=\"597\" height=\"800\" src=\"https:\/\/www.degussa-goldhandel.ch\/wp-content\/uploads\/2022\/05\/degussa-matterhorn-service-zollfreilager-hoch.jpg\" class=\"attachment-large size-large wp-image-6202\" alt=\"Banner Degussa Matterhorn Service Zollfreilager\" srcset=\"https:\/\/www.degussa-goldhandel.ch\/wp-content\/uploads\/2022\/05\/degussa-matterhorn-service-zollfreilager-hoch.jpg 597w, https:\/\/www.degussa-goldhandel.ch\/wp-content\/uploads\/2022\/05\/degussa-matterhorn-service-zollfreilager-hoch-224x300.jpg 224w\" sizes=\"(max-width: 597px) 100vw, 597px\" \/>\t\t\t\t\t\t\t\t\t\t\t\t\t<\/div>\n\t\t\t\t<\/div>\n\t\t\t\t\t<\/div>\n\t\t<\/div>\n\t\t\t\t\t<\/div>\n\t\t<\/section>\n\t\t\t\t<\/div>\n\t\t<\/div><div class=\"content-stack\"><style><\/style>\t\t<div data-elementor-type=\"section\" data-elementor-id=\"6277\" class=\"elementor elementor-6277\" data-elementor-post-type=\"elementor_library\">\n\t\t\t\t\t<section class=\"elementor-section elementor-top-section elementor-element elementor-element-e4dac46 elementor-section-boxed elementor-section-height-default elementor-section-height-default\" data-id=\"e4dac46\" data-element_type=\"section\">\n\t\t\t\t\t\t<div class=\"elementor-container elementor-column-gap-default\">\n\t\t\t\t\t<div class=\"elementor-column elementor-col-100 elementor-top-column elementor-element elementor-element-5624b3c\" data-id=\"5624b3c\" data-element_type=\"column\">\n\t\t\t<div class=\"elementor-widget-wrap elementor-element-populated\">\n\t\t\t\t\t\t<div class=\"elementor-element elementor-element-30d4130 elementor-widget elementor-widget-image\" data-id=\"30d4130\" data-element_type=\"widget\" data-widget_type=\"image.default\">\n\t\t\t\t<div class=\"elementor-widget-container\">\n\t\t\t\t\t\t\t\t\t\t\t\t\t<img decoding=\"async\" width=\"1920\" height=\"1013\" src=\"https:\/\/www.degussa-goldhandel.ch\/wp-content\/uploads\/2022\/09\/Zollfreilager_Map.png\" class=\"attachment-full size-full wp-image-6269\" alt=\"Zollfreilager Karte\" srcset=\"https:\/\/www.degussa-goldhandel.ch\/wp-content\/uploads\/2022\/09\/Zollfreilager_Map.png 1920w, https:\/\/www.degussa-goldhandel.ch\/wp-content\/uploads\/2022\/09\/Zollfreilager_Map-300x158.png 300w, https:\/\/www.degussa-goldhandel.ch\/wp-content\/uploads\/2022\/09\/Zollfreilager_Map-1024x540.png 1024w, https:\/\/www.degussa-goldhandel.ch\/wp-content\/uploads\/2022\/09\/Zollfreilager_Map-768x405.png 768w, https:\/\/www.degussa-goldhandel.ch\/wp-content\/uploads\/2022\/09\/Zollfreilager_Map-1536x810.png 1536w\" sizes=\"(max-width: 1920px) 100vw, 1920px\" \/>\t\t\t\t\t\t\t\t\t\t\t\t\t<\/div>\n\t\t\t\t<\/div>\n\t\t\t\t\t<\/div>\n\t\t<\/div>\n\t\t\t\t\t<\/div>\n\t\t<\/section>\n\t\t\t\t<\/div>\n\t\t<\/div><div class=\"content-stack\"><style><\/style>\t\t<div data-elementor-type=\"section\" data-elementor-id=\"4999\" class=\"elementor elementor-4999 elementor-3416\" data-elementor-post-type=\"elementor_library\">\n\t\t\t\t\t<section class=\"elementor-section elementor-top-section elementor-element elementor-element-cb37a5d elementor-section-boxed elementor-section-height-default elementor-section-height-default\" data-id=\"cb37a5d\" data-element_type=\"section\">\n\t\t\t\t\t\t<div class=\"elementor-container elementor-column-gap-default\">\n\t\t\t\t\t<div class=\"elementor-column elementor-col-66 elementor-top-column elementor-element elementor-element-7374a96\" data-id=\"7374a96\" data-element_type=\"column\">\n\t\t\t<div class=\"elementor-widget-wrap elementor-element-populated\">\n\t\t\t\t\t\t<div class=\"elementor-element elementor-element-42e232b elementor-widget elementor-widget-heading\" data-id=\"42e232b\" data-element_type=\"widget\" data-widget_type=\"heading.default\">\n\t\t\t\t<div class=\"elementor-widget-container\">\n\t\t\t<h2 class=\"elementor-heading-title elementor-size-default\">DES PRIX<\/h2>\t\t<\/div>\n\t\t\t\t<\/div>\n\t\t\t\t<div class=\"elementor-element elementor-element-9f9ddab elementor-widget elementor-widget-text-editor\" data-id=\"9f9ddab\" data-element_type=\"widget\" data-widget_type=\"text-editor.default\">\n\t\t\t\t<div class=\"elementor-widget-container\">\n\t\t\t\t\t\t\t<p>Pour l\u2019ouverture d\u2019un entrep\u00f4t domestique \u00e0 Degussa, la valeur minimale est de CHF 250\u2019000.<\/p>\t\t\t\t\t\t<\/div>\n\t\t\t\t<\/div>\n\t\t\t\t\t<\/div>\n\t\t<\/div>\n\t\t\t\t<div class=\"elementor-column elementor-col-33 elementor-top-column elementor-element elementor-element-f329849\" data-id=\"f329849\" data-element_type=\"column\">\n\t\t\t<div class=\"elementor-widget-wrap\">\n\t\t\t\t\t\t\t<\/div>\n\t\t<\/div>\n\t\t\t\t\t<\/div>\n\t\t<\/section>\n\t\t\t\t<section class=\"elementor-section elementor-top-section elementor-element elementor-element-8fc77ae elementor-section-boxed elementor-section-height-default elementor-section-height-default\" data-id=\"8fc77ae\" data-element_type=\"section\">\n\t\t\t\t\t\t<div class=\"elementor-container elementor-column-gap-default\">\n\t\t\t\t\t<div class=\"elementor-column elementor-col-66 elementor-top-column elementor-element elementor-element-3f9cc3d\" data-id=\"3f9cc3d\" data-element_type=\"column\">\n\t\t\t<div class=\"elementor-widget-wrap elementor-element-populated\">\n\t\t\t\t\t\t<div class=\"elementor-element elementor-element-0cca408 elementor-widget elementor-widget-heading\" data-id=\"0cca408\" data-element_type=\"widget\" data-widget_type=\"heading.default\">\n\t\t\t\t<div class=\"elementor-widget-container\">\n\t\t\t<h2 class=\"elementor-heading-title elementor-size-default\">OR<\/h2>\t\t<\/div>\n\t\t\t\t<\/div>\n\t\t\t\t<div class=\"elementor-element elementor-element-bfaaaef elementor-widget elementor-widget-text-editor\" data-id=\"bfaaaef\" data-element_type=\"widget\" data-widget_type=\"text-editor.default\">\n\t\t\t\t<div class=\"elementor-widget-container\">\n\t\t\t\t\t\t\t<table><tbody><tr><td>VALEUR DU D\u00c9P\u00d4T<\/td><td>FRAIS DE D\u00c9P\u00d4T<\/td><\/tr><tr><td>CHF 250.000.-\u00a0 \u2013\u00a0 1.000.000.-<\/td><td>0,50 %<\/td><\/tr><tr><td>CHF 1.000.000.-\u00a0 \u2013\u00a0 5.000.000.-<\/td><td>0,25 %<\/td><\/tr><tr><td>Plus de CHF 5.000.000.-<\/td><td>Sur demande<\/td><\/tr><\/tbody><\/table>\t\t\t\t\t\t<\/div>\n\t\t\t\t<\/div>\n\t\t\t\t\t<\/div>\n\t\t<\/div>\n\t\t\t\t<div class=\"elementor-column elementor-col-33 elementor-top-column elementor-element elementor-element-34876d0\" data-id=\"34876d0\" data-element_type=\"column\">\n\t\t\t<div class=\"elementor-widget-wrap\">\n\t\t\t\t\t\t\t<\/div>\n\t\t<\/div>\n\t\t\t\t\t<\/div>\n\t\t<\/section>\n\t\t\t\t<section class=\"elementor-section elementor-top-section elementor-element elementor-element-e3d3f71 elementor-section-boxed elementor-section-height-default elementor-section-height-default\" data-id=\"e3d3f71\" data-element_type=\"section\">\n\t\t\t\t\t\t<div class=\"elementor-container elementor-column-gap-default\">\n\t\t\t\t\t<div class=\"elementor-column elementor-col-66 elementor-top-column elementor-element elementor-element-ac8aff5\" data-id=\"ac8aff5\" data-element_type=\"column\">\n\t\t\t<div class=\"elementor-widget-wrap elementor-element-populated\">\n\t\t\t\t\t\t<div class=\"elementor-element elementor-element-5b61d22 elementor-widget elementor-widget-heading\" data-id=\"5b61d22\" data-element_type=\"widget\" data-widget_type=\"heading.default\">\n\t\t\t\t<div class=\"elementor-widget-container\">\n\t\t\t<h2 class=\"elementor-heading-title elementor-size-default\">ARGENT, PLATINE, PALLADIUM, RHODIUM<\/h2>\t\t<\/div>\n\t\t\t\t<\/div>\n\t\t\t\t<div class=\"elementor-element elementor-element-60344dc elementor-widget elementor-widget-text-editor\" data-id=\"60344dc\" data-element_type=\"widget\" data-widget_type=\"text-editor.default\">\n\t\t\t\t<div class=\"elementor-widget-container\">\n\t\t\t\t\t\t\t<table>\n<tbody>\n<tr>\n<td>VALEUR DU D\u00c9P\u00d4T<\/td>\n<td>FRAIS DE D\u00c9P\u00d4T<\/td>\n<\/tr>\n<tr>\n<td>CHF 250.000.- \u2013 1.000.000.-<\/td>\n<td>1,50 %<\/td>\n<\/tr>\n<tr>\n<td>CHF 1.000.000.- \u2013 5.000.000.-<\/td>\n<td>1,00 %<\/td>\n<\/tr>\n<tr>\n<td>Plus de CHF 5.000.000.-<\/td>\n<td>Sur demande<\/td>\n<\/tr>\n<\/tbody>\n<\/table>\t\t\t\t\t\t<\/div>\n\t\t\t\t<\/div>\n\t\t\t\t\t<\/div>\n\t\t<\/div>\n\t\t\t\t<div class=\"elementor-column elementor-col-33 elementor-top-column elementor-element elementor-element-de3be1c\" data-id=\"de3be1c\" data-element_type=\"column\">\n\t\t\t<div class=\"elementor-widget-wrap\">\n\t\t\t\t\t\t\t<\/div>\n\t\t<\/div>\n\t\t\t\t\t<\/div>\n\t\t<\/section>\n\t\t\t\t<\/div>\n\t\t<\/div><div class=\"content-stack\"><style>.elementor-1283 .elementor-element.elementor-element-035d1ea > .elementor-widget-wrap > .elementor-widget:not(.elementor-widget__width-auto):not(.elementor-widget__width-initial):not(:last-child):not(.elementor-absolute){margin-bottom:0px;}.elementor-1283 .elementor-element.elementor-element-0ec033c > .elementor-widget-container{margin:0px 0px 0px 0px;padding:0px 0px 0px 0px;}<\/style>\t\t<div data-elementor-type=\"section\" data-elementor-id=\"6132\" class=\"elementor elementor-6132 elementor-1283\" data-elementor-post-type=\"elementor_library\">\n\t\t\t\t\t<section class=\"elementor-section elementor-top-section elementor-element elementor-element-225e540 slider-container elementor-section-boxed elementor-section-height-default elementor-section-height-default\" data-id=\"225e540\" data-element_type=\"section\">\n\t\t\t\t\t\t<div class=\"elementor-container elementor-column-gap-default\">\n\t\t\t\t\t<div class=\"elementor-column elementor-col-100 elementor-top-column elementor-element elementor-element-c9fa524\" data-id=\"c9fa524\" data-element_type=\"column\">\n\t\t\t<div class=\"elementor-widget-wrap elementor-element-populated\">\n\t\t\t\t\t\t<section class=\"elementor-section elementor-inner-section elementor-element elementor-element-a762bae elementor-section-boxed elementor-section-height-default elementor-section-height-default\" data-id=\"a762bae\" data-element_type=\"section\">\n\t\t\t\t\t\t<div class=\"elementor-container elementor-column-gap-no\">\n\t\t\t\t\t<div class=\"elementor-column elementor-col-100 elementor-inner-column elementor-element elementor-element-035d1ea\" data-id=\"035d1ea\" data-element_type=\"column\">\n\t\t\t<div class=\"elementor-widget-wrap elementor-element-populated\">\n\t\t\t\t\t\t<div class=\"elementor-element elementor-element-0ec033c elementor-widget elementor-widget-image\" data-id=\"0ec033c\" data-element_type=\"widget\" data-widget_type=\"image.default\">\n\t\t\t\t<div class=\"elementor-widget-container\">\n\t\t\t\t\t\t\t\t\t\t\t\t\t<img decoding=\"async\" src=\"https:\/\/www.degussa-goldhandel.ch\/wp-content\/uploads\/elementor\/thumbs\/Service-qaqr1yafh935owgld0h71fymv9qqe0owifaoqiuduo.jpg\" title=\"Service\" alt=\"Banner Service\" loading=\"lazy\" \/>\t\t\t\t\t\t\t\t\t\t\t\t\t<\/div>\n\t\t\t\t<\/div>\n\t\t\t\t<div class=\"elementor-element elementor-element-d57328f elementor-widget elementor-widget-slidercontext\" data-id=\"d57328f\" data-element_type=\"widget\" data-widget_type=\"slidercontext.default\">\n\t\t\t\t<div class=\"elementor-widget-container\">\n\t\t\t        <div class=\"degussa-product-slider-outer-container nopadding\">\n            <div class=\"degussa-slider-context\">\n                <div class=\"slider-title\">Services de premi\u00e8re qualit\u00e9<\/div>\n                <div class=\"slider-actions\">\n                    <a class=\"context-link\" href=\"https:\/\/www.degussa-goldhandel.ch\/fr\/offre\/coffre-fort\"><span>Coffre-Fort<\/span>\n                        <\/a><a class=\"context-link\" href=\"https:\/\/www.degussa-goldhandel.ch\/fr\/services\/entrepot-domestique\"><span>Entrep\u00f4t domestique<\/span>\n                        <\/a><a class=\"context-link\" href=\"https:\/\/www.degussa-goldhandel.ch\/fr\/services\/gaufrage\"><span>Gaufrage<\/span>\n                        <\/a>\n                <\/div>\n            <\/div>\n        <\/div>\n        \t\t<\/div>\n\t\t\t\t<\/div>\n\t\t\t\t\t<\/div>\n\t\t<\/div>\n\t\t\t\t\t<\/div>\n\t\t<\/section>\n\t\t\t\t\t<\/div>\n\t\t<\/div>\n\t\t\t\t\t<\/div>\n\t\t<\/section>\n\t\t\t\t<\/div>\n\t\t<\/div>        \t\t<\/div>\n\t\t\t\t<\/div>\n\t\t\t\t\t<\/div>\n\t\t<\/div>\n\t\t\t\t\t<\/div>\n\t\t<\/section>\n\t\t\t\t<\/div>\n\t\t","protected":false},"excerpt":{"rendered":"<p>Schliessf\u00e4cher Verpf\u00e4ndung Goldbarren Ihr Verkauf an uns Zollfreilager Altgold Pr\u00e4gung Vos metaux precieux en securite aussi apres leur achat CONSERVEZ VOS M\u00c9TAUX PR\u00c9CIEUX EN TOUTE S\u00c9CURIT\u00c9 DANS UN ENTREP\u00d4T DOMESTIQUE \u00c0 DEGUSSA\u200b Nos entrep\u00f4ts garantissent des normes de s\u00e9curit\u00e9 normalement r\u00e9serv\u00e9es aux investisseurs institutionnels. Vous pouvez ainsi b\u00e9n\u00e9ficier d\u2019un stockage professionnel de vos m\u00e9taux pr\u00e9cieux [&hellip;]<\/p>\n","protected":false},"author":1,"featured_media":0,"parent":4934,"menu_order":6,"comment_status":"closed","ping_status":"closed","template":"elementor_header_footer","meta":{"_acf_changed":false,"inline_featured_image":false,"footnotes":""},"class_list":["post-4979","page","type-page","status-publish","hentry"],"acf":[],"_links":{"self":[{"href":"https:\/\/www.degussa-goldhandel.ch\/fr\/wp-json\/wp\/v2\/pages\/4979"}],"collection":[{"href":"https:\/\/www.degussa-goldhandel.ch\/fr\/wp-json\/wp\/v2\/pages"}],"about":[{"href":"https:\/\/www.degussa-goldhandel.ch\/fr\/wp-json\/wp\/v2\/types\/page"}],"author":[{"embeddable":true,"href":"https:\/\/www.degussa-goldhandel.ch\/fr\/wp-json\/wp\/v2\/users\/1"}],"replies":[{"embeddable":true,"href":"https:\/\/www.degussa-goldhandel.ch\/fr\/wp-json\/wp\/v2\/comments?post=4979"}],"version-history":[{"count":5,"href":"https:\/\/www.degussa-goldhandel.ch\/fr\/wp-json\/wp\/v2\/pages\/4979\/revisions"}],"predecessor-version":[{"id":10777,"href":"https:\/\/www.degussa-goldhandel.ch\/fr\/wp-json\/wp\/v2\/pages\/4979\/revisions\/10777"}],"up":[{"embeddable":true,"href":"https:\/\/www.degussa-goldhandel.ch\/fr\/wp-json\/wp\/v2\/pages\/4934"}],"wp:attachment":[{"href":"https:\/\/www.degussa-goldhandel.ch\/fr\/wp-json\/wp\/v2\/media?parent=4979"}],"curies":[{"name":"wp","href":"https:\/\/api.w.org\/{rel}","templated":true}]}}