{"id":4959,"date":"2022-07-26T14:37:18","date_gmt":"2022-07-26T12:37:18","guid":{"rendered":"https:\/\/degussa-staging.detail-digital.ch\/?page_id=4959"},"modified":"2022-11-10T13:44:47","modified_gmt":"2022-11-10T12:44:47","slug":"credit-lombard","status":"publish","type":"page","link":"https:\/\/www.degussa-goldhandel.ch\/fr\/offre\/credit-lombard","title":{"rendered":"Cr\u00e9dit Lombard"},"content":{"rendered":"\t\t<div data-elementor-type=\"wp-page\" data-elementor-id=\"4959\" class=\"elementor elementor-4959 elementor-3739\" data-elementor-post-type=\"page\">\n\t\t\t\t\t\t<section class=\"elementor-section elementor-top-section elementor-element elementor-element-e3b54e6 elementor-section-boxed elementor-section-height-default elementor-section-height-default\" data-id=\"e3b54e6\" data-element_type=\"section\">\n\t\t\t\t\t\t<div class=\"elementor-container elementor-column-gap-default\">\n\t\t\t\t\t<div class=\"elementor-column elementor-col-100 elementor-top-column elementor-element elementor-element-64a648f\" data-id=\"64a648f\" data-element_type=\"column\">\n\t\t\t<div class=\"elementor-widget-wrap elementor-element-populated\">\n\t\t\t\t\t\t<div class=\"elementor-element elementor-element-70d0f1e elementor-widget elementor-widget-subnav\" data-id=\"70d0f1e\" data-element_type=\"widget\" data-widget_type=\"subnav.default\">\n\t\t\t\t<div class=\"elementor-widget-container\">\n\t\t\t        <div class=\"degussa-subnav-container subnav gold\">\n                            <div class=\"subnav-item\">\n                    <a href=\"https:\/\/www.degussa-goldhandel.ch\/services\/schliessfaecher\">Schliessf\u00e4cher<\/a>\n                <\/div>\n                            <div class=\"subnav-item\">\n                    <a href=\"https:\/\/www.degussa-goldhandel.ch\/services\/verpfaendung-goldbarren\">Verpf\u00e4ndung Goldbarren<\/a>\n                <\/div>\n                            <div class=\"subnav-item\">\n                    <a href=\"https:\/\/www.degussa-goldhandel.ch\/services\/zollfreilager\">Zollfreilager<\/a>\n                <\/div>\n                            <div class=\"subnav-item\">\n                    <a href=\"https:\/\/www.degussa-goldhandel.ch\/services\/persoenliche-praegung\">Pr\u00e4gung<\/a>\n                <\/div>\n            \n        <\/div>\n        <div class=\"degussa-subnav-container empty\"><\/div>\n        \t\t<\/div>\n\t\t\t\t<\/div>\n\t\t\t\t\t<\/div>\n\t\t<\/div>\n\t\t\t\t\t<\/div>\n\t\t<\/section>\n\t\t\t\t<section class=\"elementor-section elementor-top-section elementor-element elementor-element-4a4f9aa elementor-section-boxed elementor-section-height-default elementor-section-height-default\" data-id=\"4a4f9aa\" data-element_type=\"section\">\n\t\t\t\t\t\t<div class=\"elementor-container elementor-column-gap-default\">\n\t\t\t\t\t<div class=\"elementor-column elementor-col-100 elementor-top-column elementor-element elementor-element-57958ae\" data-id=\"57958ae\" data-element_type=\"column\">\n\t\t\t<div class=\"elementor-widget-wrap elementor-element-populated\">\n\t\t\t\t\t\t<div class=\"elementor-element elementor-element-05f5a43 elementor-widget elementor-widget-heading\" data-id=\"05f5a43\" data-element_type=\"widget\" data-widget_type=\"heading.default\">\n\t\t\t\t<div class=\"elementor-widget-container\">\n\t\t\t<style>\/*! elementor - v3.23.0 - 05-08-2024 *\/\n.elementor-heading-title{padding:0;margin:0;line-height:1}.elementor-widget-heading .elementor-heading-title[class*=elementor-size-]>a{color:inherit;font-size:inherit;line-height:inherit}.elementor-widget-heading .elementor-heading-title.elementor-size-small{font-size:15px}.elementor-widget-heading .elementor-heading-title.elementor-size-medium{font-size:19px}.elementor-widget-heading .elementor-heading-title.elementor-size-large{font-size:29px}.elementor-widget-heading .elementor-heading-title.elementor-size-xl{font-size:39px}.elementor-widget-heading .elementor-heading-title.elementor-size-xxl{font-size:59px}<\/style><h1 class=\"elementor-heading-title elementor-size-default\">Cr\u00e9dit Lombard<\/h1>\t\t<\/div>\n\t\t\t\t<\/div>\n\t\t\t\t\t<\/div>\n\t\t<\/div>\n\t\t\t\t\t<\/div>\n\t\t<\/section>\n\t\t\t\t<section class=\"elementor-section elementor-top-section elementor-element elementor-element-548ba8c elementor-section-boxed elementor-section-height-default elementor-section-height-default\" data-id=\"548ba8c\" data-element_type=\"section\">\n\t\t\t\t\t\t<div class=\"elementor-container elementor-column-gap-default\">\n\t\t\t\t\t<div class=\"elementor-column elementor-col-100 elementor-top-column elementor-element elementor-element-ba52e1b\" data-id=\"ba52e1b\" data-element_type=\"column\">\n\t\t\t<div class=\"elementor-widget-wrap elementor-element-populated\">\n\t\t\t\t\t\t<div class=\"elementor-element elementor-element-d2f4c07 elementor-widget elementor-widget-contentstack\" data-id=\"d2f4c07\" data-element_type=\"widget\" data-widget_type=\"contentstack.default\">\n\t\t\t\t<div class=\"elementor-widget-container\">\n\t\t\t<div class=\"content-stack\"><style>.elementor-696 .elementor-element.elementor-element-0c6f163{text-align:left;}.elementor-696 .elementor-element.elementor-element-0c6f163 img{width:100%;}<\/style>\t\t<div data-elementor-type=\"section\" data-elementor-id=\"4961\" class=\"elementor elementor-4961 elementor-3401\" data-elementor-post-type=\"elementor_library\">\n\t\t\t\t\t<section class=\"elementor-section elementor-top-section elementor-element elementor-element-06975f2 elementor-section-boxed elementor-section-height-default elementor-section-height-default\" data-id=\"06975f2\" data-element_type=\"section\">\n\t\t\t\t\t\t<div class=\"elementor-container elementor-column-gap-default\">\n\t\t\t\t\t<div class=\"elementor-column elementor-col-100 elementor-top-column elementor-element elementor-element-c8b80ef\" data-id=\"c8b80ef\" data-element_type=\"column\">\n\t\t\t<div class=\"elementor-widget-wrap\">\n\t\t\t\t\t\t\t<\/div>\n\t\t<\/div>\n\t\t\t\t\t<\/div>\n\t\t<\/section>\n\t\t\t\t<section class=\"elementor-section elementor-top-section elementor-element elementor-element-b6475f8 elementor-section-boxed elementor-section-height-default elementor-section-height-default\" data-id=\"b6475f8\" data-element_type=\"section\">\n\t\t\t\t\t\t<div class=\"elementor-container elementor-column-gap-default\">\n\t\t\t\t\t<div class=\"elementor-column elementor-col-66 elementor-top-column elementor-element elementor-element-6b0af04\" data-id=\"6b0af04\" data-element_type=\"column\">\n\t\t\t<div class=\"elementor-widget-wrap elementor-element-populated\">\n\t\t\t\t\t\t<div class=\"elementor-element elementor-element-19945eb elementor-widget elementor-widget-text-editor\" data-id=\"19945eb\" data-element_type=\"widget\" data-widget_type=\"text-editor.default\">\n\t\t\t\t<div class=\"elementor-widget-container\">\n\t\t\t<style>\/*! elementor - v3.23.0 - 05-08-2024 *\/\n.elementor-widget-text-editor.elementor-drop-cap-view-stacked .elementor-drop-cap{background-color:#69727d;color:#fff}.elementor-widget-text-editor.elementor-drop-cap-view-framed .elementor-drop-cap{color:#69727d;border:3px solid;background-color:transparent}.elementor-widget-text-editor:not(.elementor-drop-cap-view-default) .elementor-drop-cap{margin-top:8px}.elementor-widget-text-editor:not(.elementor-drop-cap-view-default) .elementor-drop-cap-letter{width:1em;height:1em}.elementor-widget-text-editor .elementor-drop-cap{float:left;text-align:center;line-height:1;font-size:50px}.elementor-widget-text-editor .elementor-drop-cap-letter{display:inline-block}<\/style>\t\t\t\t<p>R\u00e9cemment, les clients peuvent \u00e9galement stocker leurs m\u00e9taux pr\u00e9cieux en toute s\u00e9curit\u00e9 chez Degussa en Suisse, tout en recevant de l\u2019argent sous forme d\u2019un pr\u00eat soumis \u00e0 int\u00e9r\u00eat, \u00e9galement appel\u00e9 \u00ab Gold Lending \u00bb repr\u00e9sentant jusque 50% de la valeur marchande de l\u2019or d\u00e9pos\u00e9.<br \/><br \/>Ce service de pr\u00eat sp\u00e9cial est particuli\u00e8rement adapt\u00e9 aux clients qui ont besoin de ressources financi\u00e8res temporaires mais qui ne veulent pas abandonner de fa\u00e7on permanente leurs pi\u00e8ces de monnaie et leurs barres. Ils ont maintenant la possibilit\u00e9 de mettre en gage leurs r\u00e9serves de m\u00e9taux pr\u00e9cieux chez Degussa de fa\u00e7on simple. Les objets sont enti\u00e8rement assur\u00e9s et stock\u00e9s dans des coffres de haute s\u00e9curit\u00e9 \u00e0 Zurich et \u00e0 Gen\u00e8ve.<br \/><br \/>Le montant du pr\u00eat minimal s\u2019\u00e9l\u00e8ve \u00e0 100\u2019000 CHF.- avec un investissement de 50%, c\u2019est-\u00e0-dire un d\u00e9p\u00f4t minimal de 200\u2019000 CHF en or, le taux d\u2019int\u00e9r\u00eat annuel est de 5%. En garantie, Degussa accepte des barres d\u2019investissements de toutes tailles-par exemple les barres Degussa traditionnelles-et les pi\u00e8ces en or, comme le Krugerrand, l\u2019American Eagle ou le Maple Leaf. Avant leur mise en gage, l\u2019authenticit\u00e9 des pi\u00e8ces est v\u00e9rifi\u00e9e par nos sp\u00e9cialistes.<br \/><br \/>Des produits de haute qualit\u00e9, un stockage s\u00fbr des facilit\u00e9s de paiement et de cr\u00e9dit moderne sont monnaie courante chez Degussa. Ce n\u2019est pas seulement bon pour les amateurs d\u2019or.<\/p>\t\t\t\t\t\t<\/div>\n\t\t\t\t<\/div>\n\t\t\t\t\t<\/div>\n\t\t<\/div>\n\t\t\t\t<div class=\"elementor-column elementor-col-33 elementor-top-column elementor-element elementor-element-74e2815\" data-id=\"74e2815\" data-element_type=\"column\">\n\t\t\t<div class=\"elementor-widget-wrap elementor-element-populated\">\n\t\t\t\t\t\t<div class=\"elementor-element elementor-element-0c6f163 elementor-widget elementor-widget-image\" data-id=\"0c6f163\" data-element_type=\"widget\" data-widget_type=\"image.default\">\n\t\t\t\t<div class=\"elementor-widget-container\">\n\t\t\t<style>\/*! elementor - v3.23.0 - 05-08-2024 *\/\n.elementor-widget-image{text-align:center}.elementor-widget-image a{display:inline-block}.elementor-widget-image a img[src$=\".svg\"]{width:48px}.elementor-widget-image img{vertical-align:middle;display:inline-block}<\/style>\t\t\t\t\t\t\t\t\t\t<img decoding=\"async\" src=\"https:\/\/www.degussa-goldhandel.ch\/wp-content\/uploads\/2022\/05\/verpfaendung-goldbarren-300x300.jpg\" title=\"verpfaendung-goldbarren\" alt=\"Banner Verpf\u00e4ndung Goldbarren\" loading=\"lazy\" \/>\t\t\t\t\t\t\t\t\t\t\t\t\t<\/div>\n\t\t\t\t<\/div>\n\t\t\t\t\t<\/div>\n\t\t<\/div>\n\t\t\t\t\t<\/div>\n\t\t<\/section>\n\t\t\t\t<\/div>\n\t\t<\/div><div class=\"content-stack\"><style>.elementor-1283 .elementor-element.elementor-element-035d1ea > .elementor-widget-wrap > .elementor-widget:not(.elementor-widget__width-auto):not(.elementor-widget__width-initial):not(:last-child):not(.elementor-absolute){margin-bottom:0px;}.elementor-1283 .elementor-element.elementor-element-0ec033c > .elementor-widget-container{margin:0px 0px 0px 0px;padding:0px 0px 0px 0px;}<\/style>\t\t<div data-elementor-type=\"section\" data-elementor-id=\"6132\" class=\"elementor elementor-6132 elementor-1283\" data-elementor-post-type=\"elementor_library\">\n\t\t\t\t\t<section class=\"elementor-section elementor-top-section elementor-element elementor-element-225e540 slider-container elementor-section-boxed elementor-section-height-default elementor-section-height-default\" data-id=\"225e540\" data-element_type=\"section\">\n\t\t\t\t\t\t<div class=\"elementor-container elementor-column-gap-default\">\n\t\t\t\t\t<div class=\"elementor-column elementor-col-100 elementor-top-column elementor-element elementor-element-c9fa524\" data-id=\"c9fa524\" data-element_type=\"column\">\n\t\t\t<div class=\"elementor-widget-wrap elementor-element-populated\">\n\t\t\t\t\t\t<section class=\"elementor-section elementor-inner-section elementor-element elementor-element-a762bae elementor-section-boxed elementor-section-height-default elementor-section-height-default\" data-id=\"a762bae\" data-element_type=\"section\">\n\t\t\t\t\t\t<div class=\"elementor-container elementor-column-gap-no\">\n\t\t\t\t\t<div class=\"elementor-column elementor-col-100 elementor-inner-column elementor-element elementor-element-035d1ea\" data-id=\"035d1ea\" data-element_type=\"column\">\n\t\t\t<div class=\"elementor-widget-wrap elementor-element-populated\">\n\t\t\t\t\t\t<div class=\"elementor-element elementor-element-0ec033c elementor-widget elementor-widget-image\" data-id=\"0ec033c\" data-element_type=\"widget\" data-widget_type=\"image.default\">\n\t\t\t\t<div class=\"elementor-widget-container\">\n\t\t\t\t\t\t\t\t\t\t\t\t\t<img decoding=\"async\" src=\"https:\/\/www.degussa-goldhandel.ch\/wp-content\/uploads\/elementor\/thumbs\/Service-qaqr1yafh935owgld0h71fymv9qqe0owifaoqiuduo.jpg\" title=\"Service\" alt=\"Banner Service\" loading=\"lazy\" \/>\t\t\t\t\t\t\t\t\t\t\t\t\t<\/div>\n\t\t\t\t<\/div>\n\t\t\t\t<div class=\"elementor-element elementor-element-d57328f elementor-widget elementor-widget-slidercontext\" data-id=\"d57328f\" data-element_type=\"widget\" data-widget_type=\"slidercontext.default\">\n\t\t\t\t<div class=\"elementor-widget-container\">\n\t\t\t        <div class=\"degussa-product-slider-outer-container nopadding\">\n            <div class=\"degussa-slider-context\">\n                <div class=\"slider-title\">Services de premi\u00e8re qualit\u00e9<\/div>\n                <div class=\"slider-actions\">\n                    <a class=\"context-link\" href=\"https:\/\/www.degussa-goldhandel.ch\/fr\/offre\/coffre-fort\"><span>Coffre-Fort<\/span>\n                        <\/a><a class=\"context-link\" href=\"https:\/\/www.degussa-goldhandel.ch\/fr\/services\/entrepot-domestique\"><span>Entrep\u00f4t domestique<\/span>\n                        <\/a><a class=\"context-link\" href=\"https:\/\/www.degussa-goldhandel.ch\/fr\/services\/gaufrage\"><span>Gaufrage<\/span>\n                        <\/a>\n                <\/div>\n            <\/div>\n        <\/div>\n        \t\t<\/div>\n\t\t\t\t<\/div>\n\t\t\t\t\t<\/div>\n\t\t<\/div>\n\t\t\t\t\t<\/div>\n\t\t<\/section>\n\t\t\t\t\t<\/div>\n\t\t<\/div>\n\t\t\t\t\t<\/div>\n\t\t<\/section>\n\t\t\t\t<\/div>\n\t\t<\/div>        \t\t<\/div>\n\t\t\t\t<\/div>\n\t\t\t\t\t<\/div>\n\t\t<\/div>\n\t\t\t\t\t<\/div>\n\t\t<\/section>\n\t\t\t\t<\/div>\n\t\t","protected":false},"excerpt":{"rendered":"<p>Schliessf\u00e4cher Verpf\u00e4ndung Goldbarren Ihr Verkauf an uns Zollfreilager Altgold Pr\u00e4gung Cr\u00e9dit Lombard R\u00e9cemment, les clients peuvent \u00e9galement stocker leurs m\u00e9taux pr\u00e9cieux en toute s\u00e9curit\u00e9 chez Degussa en Suisse, tout en recevant de l\u2019argent sous forme d\u2019un pr\u00eat portant int\u00e9r\u00eat, \u00e9galement appel\u00e9 \u00ab Gold Lending \u00bb repr\u00e9sentant jusque 50% de la valeur marchande de l\u2019or d\u00e9pos\u00e9. [&hellip;]<\/p>\n","protected":false},"author":1,"featured_media":0,"parent":4934,"menu_order":3,"comment_status":"closed","ping_status":"closed","template":"elementor_header_footer","meta":{"_acf_changed":false,"inline_featured_image":false,"footnotes":""},"class_list":["post-4959","page","type-page","status-publish","hentry"],"acf":[],"_links":{"self":[{"href":"https:\/\/www.degussa-goldhandel.ch\/fr\/wp-json\/wp\/v2\/pages\/4959"}],"collection":[{"href":"https:\/\/www.degussa-goldhandel.ch\/fr\/wp-json\/wp\/v2\/pages"}],"about":[{"href":"https:\/\/www.degussa-goldhandel.ch\/fr\/wp-json\/wp\/v2\/types\/page"}],"author":[{"embeddable":true,"href":"https:\/\/www.degussa-goldhandel.ch\/fr\/wp-json\/wp\/v2\/users\/1"}],"replies":[{"embeddable":true,"href":"https:\/\/www.degussa-goldhandel.ch\/fr\/wp-json\/wp\/v2\/comments?post=4959"}],"version-history":[{"count":5,"href":"https:\/\/www.degussa-goldhandel.ch\/fr\/wp-json\/wp\/v2\/pages\/4959\/revisions"}],"predecessor-version":[{"id":10774,"href":"https:\/\/www.degussa-goldhandel.ch\/fr\/wp-json\/wp\/v2\/pages\/4959\/revisions\/10774"}],"up":[{"embeddable":true,"href":"https:\/\/www.degussa-goldhandel.ch\/fr\/wp-json\/wp\/v2\/pages\/4934"}],"wp:attachment":[{"href":"https:\/\/www.degussa-goldhandel.ch\/fr\/wp-json\/wp\/v2\/media?parent=4959"}],"curies":[{"name":"wp","href":"https:\/\/api.w.org\/{rel}","templated":true}]}}