{"id":4934,"date":"2022-07-25T15:33:48","date_gmt":"2022-07-25T13:33:48","guid":{"rendered":"https:\/\/degussa-staging.detail-digital.ch\/?page_id=4934"},"modified":"2022-11-10T13:43:26","modified_gmt":"2022-11-10T12:43:26","slug":"offre","status":"publish","type":"page","link":"https:\/\/www.degussa-goldhandel.ch\/fr\/offre","title":{"rendered":"Offre"},"content":{"rendered":"\t\t<div data-elementor-type=\"wp-page\" data-elementor-id=\"4934\" class=\"elementor elementor-4934 elementor-3390\" data-elementor-post-type=\"page\">\n\t\t\t\t\t\t<section class=\"elementor-section elementor-top-section elementor-element elementor-element-b5ddf3b elementor-section-boxed elementor-section-height-default elementor-section-height-default\" data-id=\"b5ddf3b\" data-element_type=\"section\">\n\t\t\t\t\t\t<div class=\"elementor-container elementor-column-gap-default\">\n\t\t\t\t\t<div class=\"elementor-column elementor-col-100 elementor-top-column elementor-element elementor-element-fe85f12\" data-id=\"fe85f12\" data-element_type=\"column\">\n\t\t\t<div class=\"elementor-widget-wrap elementor-element-populated\">\n\t\t\t\t\t\t<div class=\"elementor-element elementor-element-752aae7 elementor-widget elementor-widget-subnav\" data-id=\"752aae7\" data-element_type=\"widget\" data-widget_type=\"subnav.default\">\n\t\t\t\t<div class=\"elementor-widget-container\">\n\t\t\t        <div class=\"degussa-subnav-container subnav gold\">\n                            <div class=\"subnav-item\">\n                    <a href=\"https:\/\/www.degussa-goldhandel.ch\/services\/schliessfaecher\">Schliessf\u00e4cher<\/a>\n                <\/div>\n                            <div class=\"subnav-item\">\n                    <a href=\"https:\/\/www.degussa-goldhandel.ch\/services\/verpfaendung-goldbarren\">Verpf\u00e4ndung Goldbarren<\/a>\n                <\/div>\n                            <div class=\"subnav-item\">\n                    <a href=\"https:\/\/www.degussa-goldhandel.ch\/services\/zollfreilager\">Zollfreilager<\/a>\n                <\/div>\n                            <div class=\"subnav-item\">\n                    <a href=\"https:\/\/www.degussa-goldhandel.ch\/services\/persoenliche-praegung\">Pr\u00e4gung<\/a>\n                <\/div>\n            \n        <\/div>\n        <div class=\"degussa-subnav-container empty\"><\/div>\n        \t\t<\/div>\n\t\t\t\t<\/div>\n\t\t\t\t\t<\/div>\n\t\t<\/div>\n\t\t\t\t\t<\/div>\n\t\t<\/section>\n\t\t\t\t<section class=\"elementor-section elementor-top-section elementor-element elementor-element-1c16228 elementor-section-boxed elementor-section-height-default elementor-section-height-default\" data-id=\"1c16228\" data-element_type=\"section\">\n\t\t\t\t\t\t<div class=\"elementor-container elementor-column-gap-default\">\n\t\t\t\t\t<div class=\"elementor-column elementor-col-100 elementor-top-column elementor-element elementor-element-6acdc2b\" data-id=\"6acdc2b\" data-element_type=\"column\">\n\t\t\t<div class=\"elementor-widget-wrap elementor-element-populated\">\n\t\t\t\t\t\t<div class=\"elementor-element elementor-element-c63d296 elementor-widget elementor-widget-heading\" data-id=\"c63d296\" data-element_type=\"widget\" data-widget_type=\"heading.default\">\n\t\t\t\t<div class=\"elementor-widget-container\">\n\t\t\t<style>\/*! elementor - v3.23.0 - 05-08-2024 *\/\n.elementor-heading-title{padding:0;margin:0;line-height:1}.elementor-widget-heading .elementor-heading-title[class*=elementor-size-]>a{color:inherit;font-size:inherit;line-height:inherit}.elementor-widget-heading .elementor-heading-title.elementor-size-small{font-size:15px}.elementor-widget-heading .elementor-heading-title.elementor-size-medium{font-size:19px}.elementor-widget-heading .elementor-heading-title.elementor-size-large{font-size:29px}.elementor-widget-heading .elementor-heading-title.elementor-size-xl{font-size:39px}.elementor-widget-heading .elementor-heading-title.elementor-size-xxl{font-size:59px}<\/style><h1 class=\"elementor-heading-title elementor-size-default\">Services<\/h1>\t\t<\/div>\n\t\t\t\t<\/div>\n\t\t\t\t\t<\/div>\n\t\t<\/div>\n\t\t\t\t\t<\/div>\n\t\t<\/section>\n\t\t\t\t<section class=\"elementor-section elementor-top-section elementor-element elementor-element-a224df1 elementor-section-boxed elementor-section-height-default elementor-section-height-default\" data-id=\"a224df1\" data-element_type=\"section\">\n\t\t\t\t\t\t<div class=\"elementor-container elementor-column-gap-default\">\n\t\t\t\t\t<div class=\"elementor-column elementor-col-100 elementor-top-column elementor-element elementor-element-fe0b6d6\" data-id=\"fe0b6d6\" data-element_type=\"column\">\n\t\t\t<div class=\"elementor-widget-wrap elementor-element-populated\">\n\t\t\t\t\t\t<div class=\"elementor-element elementor-element-aae491e elementor-widget elementor-widget-contentstack\" data-id=\"aae491e\" data-element_type=\"widget\" data-widget_type=\"contentstack.default\">\n\t\t\t\t<div class=\"elementor-widget-container\">\n\t\t\t<div class=\"content-stack\"><style><\/style>\t\t<div data-elementor-type=\"section\" data-elementor-id=\"4936\" class=\"elementor elementor-4936 elementor-3398\" data-elementor-post-type=\"elementor_library\">\n\t\t\t\t\t<section class=\"elementor-section elementor-top-section elementor-element elementor-element-e8c8f48 elementor-section-boxed elementor-section-height-default elementor-section-height-default\" data-id=\"e8c8f48\" data-element_type=\"section\">\n\t\t\t\t\t\t<div class=\"elementor-container elementor-column-gap-default\">\n\t\t\t\t\t<div class=\"elementor-column elementor-col-66 elementor-top-column elementor-element elementor-element-1e2456e\" data-id=\"1e2456e\" data-element_type=\"column\">\n\t\t\t<div class=\"elementor-widget-wrap elementor-element-populated\">\n\t\t\t\t\t\t<div class=\"elementor-element elementor-element-2e17ac3 elementor-widget elementor-widget-text-editor\" data-id=\"2e17ac3\" data-element_type=\"widget\" data-widget_type=\"text-editor.default\">\n\t\t\t\t<div class=\"elementor-widget-container\">\n\t\t\t<style>\/*! elementor - v3.23.0 - 05-08-2024 *\/\n.elementor-widget-text-editor.elementor-drop-cap-view-stacked .elementor-drop-cap{background-color:#69727d;color:#fff}.elementor-widget-text-editor.elementor-drop-cap-view-framed .elementor-drop-cap{color:#69727d;border:3px solid;background-color:transparent}.elementor-widget-text-editor:not(.elementor-drop-cap-view-default) .elementor-drop-cap{margin-top:8px}.elementor-widget-text-editor:not(.elementor-drop-cap-view-default) .elementor-drop-cap-letter{width:1em;height:1em}.elementor-widget-text-editor .elementor-drop-cap{float:left;text-align:center;line-height:1;font-size:50px}.elementor-widget-text-editor .elementor-drop-cap-letter{display:inline-block}<\/style>\t\t\t\t<p>Beaucoup de nos clients nous connaissent d\u2019abord pour nos lingots Degussa renomm\u00e9s dans le monde entier. En tant qu\u2019\u00e9tablissement sp\u00e9cialis\u00e9 dans les m\u00e9taux pr\u00e9cieux nous avons \u00e0 c\u0153ur de pouvoir vous offrir une large gamme de produits et de services.<\/p>\t\t\t\t\t\t<\/div>\n\t\t\t\t<\/div>\n\t\t\t\t\t<\/div>\n\t\t<\/div>\n\t\t\t\t<div class=\"elementor-column elementor-col-33 elementor-top-column elementor-element elementor-element-df288c5\" data-id=\"df288c5\" data-element_type=\"column\">\n\t\t\t<div class=\"elementor-widget-wrap\">\n\t\t\t\t\t\t\t<\/div>\n\t\t<\/div>\n\t\t\t\t\t<\/div>\n\t\t<\/section>\n\t\t\t\t<\/div>\n\t\t<\/div><div class=\"content-stack\"><style>.elementor-1283 .elementor-element.elementor-element-035d1ea > .elementor-widget-wrap > .elementor-widget:not(.elementor-widget__width-auto):not(.elementor-widget__width-initial):not(:last-child):not(.elementor-absolute){margin-bottom:0px;}.elementor-1283 .elementor-element.elementor-element-0ec033c > .elementor-widget-container{margin:0px 0px 0px 0px;padding:0px 0px 0px 0px;}<\/style>\t\t<div data-elementor-type=\"section\" data-elementor-id=\"6132\" class=\"elementor elementor-6132 elementor-1283\" data-elementor-post-type=\"elementor_library\">\n\t\t\t\t\t<section class=\"elementor-section elementor-top-section elementor-element elementor-element-225e540 slider-container elementor-section-boxed elementor-section-height-default elementor-section-height-default\" data-id=\"225e540\" data-element_type=\"section\">\n\t\t\t\t\t\t<div class=\"elementor-container elementor-column-gap-default\">\n\t\t\t\t\t<div class=\"elementor-column elementor-col-100 elementor-top-column elementor-element elementor-element-c9fa524\" data-id=\"c9fa524\" data-element_type=\"column\">\n\t\t\t<div class=\"elementor-widget-wrap elementor-element-populated\">\n\t\t\t\t\t\t<section class=\"elementor-section elementor-inner-section elementor-element elementor-element-a762bae elementor-section-boxed elementor-section-height-default elementor-section-height-default\" data-id=\"a762bae\" data-element_type=\"section\">\n\t\t\t\t\t\t<div class=\"elementor-container elementor-column-gap-no\">\n\t\t\t\t\t<div class=\"elementor-column elementor-col-100 elementor-inner-column elementor-element elementor-element-035d1ea\" data-id=\"035d1ea\" data-element_type=\"column\">\n\t\t\t<div class=\"elementor-widget-wrap elementor-element-populated\">\n\t\t\t\t\t\t<div class=\"elementor-element elementor-element-0ec033c elementor-widget elementor-widget-image\" data-id=\"0ec033c\" data-element_type=\"widget\" data-widget_type=\"image.default\">\n\t\t\t\t<div class=\"elementor-widget-container\">\n\t\t\t<style>\/*! elementor - v3.23.0 - 05-08-2024 *\/\n.elementor-widget-image{text-align:center}.elementor-widget-image a{display:inline-block}.elementor-widget-image a img[src$=\".svg\"]{width:48px}.elementor-widget-image img{vertical-align:middle;display:inline-block}<\/style>\t\t\t\t\t\t\t\t\t\t<img decoding=\"async\" src=\"https:\/\/www.degussa-goldhandel.ch\/wp-content\/uploads\/elementor\/thumbs\/Service-qaqr1yafh935owgld0h71fymv9qqe0owifaoqiuduo.jpg\" title=\"Service\" alt=\"Banner Service\" loading=\"lazy\" \/>\t\t\t\t\t\t\t\t\t\t\t\t\t<\/div>\n\t\t\t\t<\/div>\n\t\t\t\t<div class=\"elementor-element elementor-element-d57328f elementor-widget elementor-widget-slidercontext\" data-id=\"d57328f\" data-element_type=\"widget\" data-widget_type=\"slidercontext.default\">\n\t\t\t\t<div class=\"elementor-widget-container\">\n\t\t\t        <div class=\"degussa-product-slider-outer-container nopadding\">\n            <div class=\"degussa-slider-context\">\n                <div class=\"slider-title\">Services de premi\u00e8re qualit\u00e9<\/div>\n                <div class=\"slider-actions\">\n                    <a class=\"context-link\" href=\"https:\/\/www.degussa-goldhandel.ch\/fr\/offre\/coffre-fort\"><span>Coffre-Fort<\/span>\n                        <\/a><a class=\"context-link\" href=\"https:\/\/www.degussa-goldhandel.ch\/fr\/services\/entrepot-domestique\"><span>Entrep\u00f4t domestique<\/span>\n                        <\/a><a class=\"context-link\" href=\"https:\/\/www.degussa-goldhandel.ch\/fr\/services\/gaufrage\"><span>Gaufrage<\/span>\n                        <\/a>\n                <\/div>\n            <\/div>\n        <\/div>\n        \t\t<\/div>\n\t\t\t\t<\/div>\n\t\t\t\t\t<\/div>\n\t\t<\/div>\n\t\t\t\t\t<\/div>\n\t\t<\/section>\n\t\t\t\t\t<\/div>\n\t\t<\/div>\n\t\t\t\t\t<\/div>\n\t\t<\/section>\n\t\t\t\t<\/div>\n\t\t<\/div><div class=\"content-stack\"><style>.elementor-1280 .elementor-element.elementor-element-03f0809 > .elementor-widget-wrap > .elementor-widget:not(.elementor-widget__width-auto):not(.elementor-widget__width-initial):not(:last-child):not(.elementor-absolute){margin-bottom:0px;}<\/style>\t\t<div data-elementor-type=\"section\" data-elementor-id=\"6142\" class=\"elementor elementor-6142\" data-elementor-post-type=\"elementor_library\">\n\t\t\t\t\t<section class=\"elementor-section elementor-top-section elementor-element elementor-element-d4f082f incomplete elementor-section-boxed elementor-section-height-default elementor-section-height-default\" data-id=\"d4f082f\" data-element_type=\"section\">\n\t\t\t\t\t\t<div class=\"elementor-container elementor-column-gap-no\">\n\t\t\t\t\t<div class=\"elementor-column elementor-col-100 elementor-top-column elementor-element elementor-element-03f0809\" data-id=\"03f0809\" data-element_type=\"column\">\n\t\t\t<div class=\"elementor-widget-wrap elementor-element-populated\">\n\t\t\t\t\t\t<div class=\"elementor-element elementor-element-a674e59 elementor-widget elementor-widget-productslider\" data-id=\"a674e59\" data-element_type=\"widget\" data-widget_type=\"productslider.default\">\n\t\t\t\t<div class=\"elementor-widget-container\">\n\t\t\t        <div class=\"degussa-product-slider-outer-container\">\n            <div class=\"degussa-product-slider\">\n                <div class=\"slider\">\n                                            <div class=\"product\">\n                            <div class=\"product-content\">\n                                <img decoding=\"async\" class=\"product-image\" src=\"https:\/\/shop.degussa-goldhandel.ch\/media\/catalog\/product\/\/1\/-\/1-g-degussa-goldbarren.png\"\n                                     alt=\"Lingot d'or Degussa de 1 g\">\n                                <div class=\"product-description\">\n                                    <a href=\"https:\/\/shop.degussa-goldhandel.ch\/fr\/1-g-degussa-goldbarren.html\"\n                                       class=\"buy-product-button\"><span>Acheter<\/span><img decoding=\"async\"\n                                                src=\"\/wp-content\/uploads\/2022\/04\/basket-inverted.svg\" width=\"20\" height=\"20\" alt=\"\"><\/a>\n                                <\/div>\n                            <\/div>\n                        <\/div>\n                                            <div class=\"product\">\n                            <div class=\"product-content\">\n                                <img decoding=\"async\" class=\"product-image\" src=\"https:\/\/shop.degussa-goldhandel.ch\/media\/catalog\/product\/\/5\/-\/5-g-degussa-goldbarren.png\"\n                                     alt=\"Lingot d'or Degussa de 5 g\">\n                                <div class=\"product-description\">\n                                    <a href=\"https:\/\/shop.degussa-goldhandel.ch\/fr\/5-g-degussa-goldbarren.html\"\n                                       class=\"buy-product-button\"><span>Acheter<\/span><img decoding=\"async\"\n                                                src=\"\/wp-content\/uploads\/2022\/04\/basket-inverted.svg\" width=\"20\" height=\"20\" alt=\"\"><\/a>\n                                <\/div>\n                            <\/div>\n                        <\/div>\n                                            <div class=\"product\">\n                            <div class=\"product-content\">\n                                <img decoding=\"async\" class=\"product-image\" src=\"https:\/\/shop.degussa-goldhandel.ch\/media\/catalog\/product\/\/1\/0\/10-g-degussa-goldbarren.png\"\n                                     alt=\"Lingot d'or Degussa 10g\">\n                                <div class=\"product-description\">\n                                    <a href=\"https:\/\/shop.degussa-goldhandel.ch\/fr\/10-g-degussa-goldbarren.html\"\n                                       class=\"buy-product-button\"><span>Acheter<\/span><img decoding=\"async\"\n                                                src=\"\/wp-content\/uploads\/2022\/04\/basket-inverted.svg\" width=\"20\" height=\"20\" alt=\"\"><\/a>\n                                <\/div>\n                            <\/div>\n                        <\/div>\n                                            <div class=\"product\">\n                            <div class=\"product-content\">\n                                <img decoding=\"async\" class=\"product-image\" src=\"https:\/\/shop.degussa-goldhandel.ch\/media\/catalog\/product\/\/2\/0\/20-g-degussa-goldbarren.png\"\n                                     alt=\"Lingot d'or Degussa de 20 g\">\n                                <div class=\"product-description\">\n                                    <a href=\"https:\/\/shop.degussa-goldhandel.ch\/fr\/20-g-degussa-goldbarren.html\"\n                                       class=\"buy-product-button\"><span>Acheter<\/span><img decoding=\"async\"\n                                                src=\"\/wp-content\/uploads\/2022\/04\/basket-inverted.svg\" width=\"20\" height=\"20\" alt=\"\"><\/a>\n                                <\/div>\n                            <\/div>\n                        <\/div>\n                                            <div class=\"product\">\n                            <div class=\"product-content\">\n                                <img decoding=\"async\" class=\"product-image\" src=\"https:\/\/shop.degussa-goldhandel.ch\/media\/catalog\/product\/\/1\/-\/1-oz-degussa-goldbarren.png\"\n                                     alt=\"Lingot d'or Degussa de 1 oz\">\n                                <div class=\"product-description\">\n                                    <a href=\"https:\/\/shop.degussa-goldhandel.ch\/fr\/1-oz-degussa-goldbarren.html\"\n                                       class=\"buy-product-button\"><span>Acheter<\/span><img decoding=\"async\"\n                                                src=\"\/wp-content\/uploads\/2022\/04\/basket-inverted.svg\" width=\"20\" height=\"20\" alt=\"\"><\/a>\n                                <\/div>\n                            <\/div>\n                        <\/div>\n                                            <div class=\"product\">\n                            <div class=\"product-content\">\n                                <img decoding=\"async\" class=\"product-image\" src=\"https:\/\/shop.degussa-goldhandel.ch\/media\/catalog\/product\/\/5\/0\/50-g-degussa-goldbarren.png\"\n                                     alt=\"Lingot d'or Degussa de 50\u00a0g\">\n                                <div class=\"product-description\">\n                                    <a href=\"https:\/\/shop.degussa-goldhandel.ch\/fr\/50-g-degussa-goldbarren.html\"\n                                       class=\"buy-product-button\"><span>Acheter<\/span><img decoding=\"async\"\n                                                src=\"\/wp-content\/uploads\/2022\/04\/basket-inverted.svg\" width=\"20\" height=\"20\" alt=\"\"><\/a>\n                                <\/div>\n                            <\/div>\n                        <\/div>\n                                            <div class=\"product\">\n                            <div class=\"product-content\">\n                                <img decoding=\"async\" class=\"product-image\" src=\"https:\/\/shop.degussa-goldhandel.ch\/media\/catalog\/product\/\/d\/e\/degussa_goldhandel_goldmuenze_20_franken_vreneli1.png\"\n                                     alt=\"Pi\u00e8ce d'or 20 Francs suisses Vreneli\">\n                                <div class=\"product-description\">\n                                    <a href=\"https:\/\/shop.degussa-goldhandel.ch\/fr\/20-schweizer-franken-vreneli-goldmunze.html\"\n                                       class=\"buy-product-button\"><span>Acheter<\/span><img decoding=\"async\"\n                                                src=\"\/wp-content\/uploads\/2022\/04\/basket-inverted.svg\" width=\"20\" height=\"20\" alt=\"\"><\/a>\n                                <\/div>\n                            <\/div>\n                        <\/div>\n                                            <div class=\"product\">\n                            <div class=\"product-content\">\n                                <img decoding=\"async\" class=\"product-image\" src=\"https:\/\/shop.degussa-goldhandel.ch\/media\/catalog\/product\/\/1\/-\/1-10-oz-american-eagle-goldmuenze.png\"\n                                     alt=\"Pi\u00e8ce d'or American Eagle 1\/10 oz\">\n                                <div class=\"product-description\">\n                                    <a href=\"https:\/\/shop.degussa-goldhandel.ch\/fr\/1-10-oz-american-eagle-goldmunze.html\"\n                                       class=\"buy-product-button\"><span>Acheter<\/span><img decoding=\"async\"\n                                                src=\"\/wp-content\/uploads\/2022\/04\/basket-inverted.svg\" width=\"20\" height=\"20\" alt=\"\"><\/a>\n                                <\/div>\n                            <\/div>\n                        <\/div>\n                                            <div class=\"product\">\n                            <div class=\"product-content\">\n                                <img decoding=\"async\" class=\"product-image\" src=\"https:\/\/shop.degussa-goldhandel.ch\/media\/catalog\/product\/\/1\/-\/1-10-oz-canadian-maple-leaf-goldmuenze.png\"\n                                     alt=\"Pi\u00e8ce d'or Canadian Maple Leaf 1\/10 oz\">\n                                <div class=\"product-description\">\n                                    <a href=\"https:\/\/shop.degussa-goldhandel.ch\/fr\/1-10-oz-canadian-maple-leaf-goldmunze.html\"\n                                       class=\"buy-product-button\"><span>Acheter<\/span><img decoding=\"async\"\n                                                src=\"\/wp-content\/uploads\/2022\/04\/basket-inverted.svg\" width=\"20\" height=\"20\" alt=\"\"><\/a>\n                                <\/div>\n                            <\/div>\n                        <\/div>\n                                            <div class=\"product\">\n                            <div class=\"product-content\">\n                                <img decoding=\"async\" class=\"product-image\" src=\"https:\/\/shop.degussa-goldhandel.ch\/media\/catalog\/product\/\/2\/0\/203013_pkg-back-open-1198.png\"\n                                     alt=\"Pi\u00e8ce d'or Canadian Maplegram 25g\">\n                                <div class=\"product-description\">\n                                    <a href=\"https:\/\/shop.degussa-goldhandel.ch\/fr\/canadian-maplegram-25g-shop.html\"\n                                       class=\"buy-product-button\"><span>Acheter<\/span><img decoding=\"async\"\n                                                src=\"\/wp-content\/uploads\/2022\/04\/basket-inverted.svg\" width=\"20\" height=\"20\" alt=\"\"><\/a>\n                                <\/div>\n                            <\/div>\n                        <\/div>\n                                            <div class=\"product\">\n                            <div class=\"product-content\">\n                                <img decoding=\"async\" class=\"product-image\" src=\"https:\/\/shop.degussa-goldhandel.ch\/media\/catalog\/product\/\/5\/0\/500-g-degussa-silberbarren.png\"\n                                     alt=\"Lingot d'argent Degussa de 500 g\">\n                                <div class=\"product-description\">\n                                    <a href=\"https:\/\/shop.degussa-goldhandel.ch\/fr\/500-g-degussa-silberbarren.html\"\n                                       class=\"buy-product-button\"><span>Acheter<\/span><img decoding=\"async\"\n                                                src=\"\/wp-content\/uploads\/2022\/04\/basket-inverted.svg\" width=\"20\" height=\"20\" alt=\"\"><\/a>\n                                <\/div>\n                            <\/div>\n                        <\/div>\n                                            <div class=\"product\">\n                            <div class=\"product-content\">\n                                <img decoding=\"async\" class=\"product-image\" src=\"https:\/\/shop.degussa-goldhandel.ch\/media\/catalog\/product\/\/1\/-\/1-kg-degussa-silberbarren.png\"\n                                     alt=\"Lingot d'argent Degussa de 1 kg\">\n                                <div class=\"product-description\">\n                                    <a href=\"https:\/\/shop.degussa-goldhandel.ch\/fr\/1-kg-degussa-silberbarren.html\"\n                                       class=\"buy-product-button\"><span>Acheter<\/span><img decoding=\"async\"\n                                                src=\"\/wp-content\/uploads\/2022\/04\/basket-inverted.svg\" width=\"20\" height=\"20\" alt=\"\"><\/a>\n                                <\/div>\n                            <\/div>\n                        <\/div>\n                                    <\/div>\n            <\/div>\n            <div class=\"degussa-slider-context\">\n                <div class=\"slider-title\">Achat en ligne d\u2019or, d\u2019argent et de platine <\/div>\n                <div class=\"slider-actions\">\n                    <a class=\"context-link\" href=\"https:\/\/shop.degussa-goldhandel.ch\/fr\/\"><img decoding=\"async\" class=\"context-link-icon\" width=\"20\" height=\"20\" src=\"https:\/\/www.degussa-goldhandel.ch\/wp-content\/uploads\/2022\/04\/basket-inverted.svg\"><span>Lingots et Pi\u00e8ces<\/span>\n                        <\/a><a class=\"context-link\" href=\"https:\/\/shop.degussa-goldhandel.ch\/fr\/gold\/gifts\"><img decoding=\"async\" class=\"context-link-icon\" width=\"20\" height=\"20\" src=\"https:\/\/www.degussa-goldhandel.ch\/wp-content\/uploads\/2022\/04\/basket-inverted.svg\"><span>Articles de Bijouterie<\/span>\n                        <\/a><a class=\"context-link\" href=\"https:\/\/shop.degussa-goldhandel.ch\/fr\/numismatics\"><img decoding=\"async\" class=\"context-link-icon\" width=\"20\" height=\"20\" src=\"https:\/\/www.degussa-goldhandel.ch\/wp-content\/uploads\/2022\/04\/basket-inverted.svg\"><span>Numismatique<\/span>\n                        <\/a>\n                <\/div>\n            <\/div>\n        <\/div>\n        \t\t<\/div>\n\t\t\t\t<\/div>\n\t\t\t\t\t<\/div>\n\t\t<\/div>\n\t\t\t\t\t<\/div>\n\t\t<\/section>\n\t\t\t\t<\/div>\n\t\t<\/div>        \t\t<\/div>\n\t\t\t\t<\/div>\n\t\t\t\t\t<\/div>\n\t\t<\/div>\n\t\t\t\t\t<\/div>\n\t\t<\/section>\n\t\t\t\t<\/div>\n\t\t","protected":false},"excerpt":{"rendered":"","protected":false},"author":1,"featured_media":0,"parent":0,"menu_order":6,"comment_status":"closed","ping_status":"closed","template":"elementor_header_footer","meta":{"_acf_changed":false,"inline_featured_image":false,"footnotes":""},"class_list":["post-4934","page","type-page","status-publish","hentry"],"acf":[],"_links":{"self":[{"href":"https:\/\/www.degussa-goldhandel.ch\/fr\/wp-json\/wp\/v2\/pages\/4934"}],"collection":[{"href":"https:\/\/www.degussa-goldhandel.ch\/fr\/wp-json\/wp\/v2\/pages"}],"about":[{"href":"https:\/\/www.degussa-goldhandel.ch\/fr\/wp-json\/wp\/v2\/types\/page"}],"author":[{"embeddable":true,"href":"https:\/\/www.degussa-goldhandel.ch\/fr\/wp-json\/wp\/v2\/users\/1"}],"replies":[{"embeddable":true,"href":"https:\/\/www.degussa-goldhandel.ch\/fr\/wp-json\/wp\/v2\/comments?post=4934"}],"version-history":[{"count":2,"href":"https:\/\/www.degussa-goldhandel.ch\/fr\/wp-json\/wp\/v2\/pages\/4934\/revisions"}],"predecessor-version":[{"id":10770,"href":"https:\/\/www.degussa-goldhandel.ch\/fr\/wp-json\/wp\/v2\/pages\/4934\/revisions\/10770"}],"wp:attachment":[{"href":"https:\/\/www.degussa-goldhandel.ch\/fr\/wp-json\/wp\/v2\/media?parent=4934"}],"curies":[{"name":"wp","href":"https:\/\/api.w.org\/{rel}","templated":true}]}}