{"id":6021,"date":"2022-08-03T13:30:43","date_gmt":"2022-08-03T11:30:43","guid":{"rendered":"https:\/\/degussa-staging.detail-digital.ch\/?page_id=6021"},"modified":"2022-11-14T08:34:51","modified_gmt":"2022-11-14T07:34:51","slug":"%d8%b3%d9%8a%d8%a7%d8%b3%d8%a9","status":"publish","type":"page","link":"https:\/\/www.degussa-goldhandel.ch\/ar\/%d8%b3%d9%8a%d8%a7%d8%b3%d8%a9","title":{"rendered":"\u0633\u064a\u0627\u0633\u0629"},"content":{"rendered":"\t\t<div data-elementor-type=\"wp-page\" data-elementor-id=\"6021\" class=\"elementor elementor-6021 elementor-3879\" data-elementor-post-type=\"page\">\n\t\t\t\t\t\t<section class=\"elementor-section elementor-top-section elementor-element elementor-element-b0c9a7e elementor-section-boxed elementor-section-height-default elementor-section-height-default\" data-id=\"b0c9a7e\" data-element_type=\"section\">\n\t\t\t\t\t\t<div class=\"elementor-container elementor-column-gap-default\">\n\t\t\t\t\t<div class=\"elementor-column elementor-col-100 elementor-top-column elementor-element elementor-element-6d86b45\" data-id=\"6d86b45\" data-element_type=\"column\">\n\t\t\t<div class=\"elementor-widget-wrap elementor-element-populated\">\n\t\t\t\t\t\t<div class=\"elementor-element elementor-element-b493867 elementor-widget elementor-widget-subnav\" data-id=\"b493867\" data-element_type=\"widget\" data-widget_type=\"subnav.default\">\n\t\t\t\t<div class=\"elementor-widget-container\">\n\t\t\t        <div class=\"degussa-subnav-container subnav gold\">\n            \n        <\/div>\n        <div class=\"degussa-subnav-container empty\"><\/div>\n        \t\t<\/div>\n\t\t\t\t<\/div>\n\t\t\t\t\t<\/div>\n\t\t<\/div>\n\t\t\t\t\t<\/div>\n\t\t<\/section>\n\t\t\t\t<section class=\"elementor-section elementor-top-section elementor-element elementor-element-af39715 elementor-section-boxed elementor-section-height-default elementor-section-height-default\" data-id=\"af39715\" data-element_type=\"section\">\n\t\t\t\t\t\t<div class=\"elementor-container elementor-column-gap-wide\">\n\t\t\t\t\t<div class=\"elementor-column elementor-col-100 elementor-top-column elementor-element elementor-element-0490c50\" data-id=\"0490c50\" data-element_type=\"column\">\n\t\t\t<div class=\"elementor-widget-wrap elementor-element-populated\">\n\t\t\t\t\t\t<div class=\"elementor-element elementor-element-9e49ab4 elementor-widget elementor-widget-heading\" data-id=\"9e49ab4\" data-element_type=\"widget\" data-widget_type=\"heading.default\">\n\t\t\t\t<div class=\"elementor-widget-container\">\n\t\t\t<style>\/*! elementor - v3.23.0 - 05-08-2024 *\/\n.elementor-heading-title{padding:0;margin:0;line-height:1}.elementor-widget-heading .elementor-heading-title[class*=elementor-size-]>a{color:inherit;font-size:inherit;line-height:inherit}.elementor-widget-heading .elementor-heading-title.elementor-size-small{font-size:15px}.elementor-widget-heading .elementor-heading-title.elementor-size-medium{font-size:19px}.elementor-widget-heading .elementor-heading-title.elementor-size-large{font-size:29px}.elementor-widget-heading .elementor-heading-title.elementor-size-xl{font-size:39px}.elementor-widget-heading .elementor-heading-title.elementor-size-xxl{font-size:59px}<\/style><h1 class=\"elementor-heading-title elementor-size-default\">Legal Notice<\/h1>\t\t<\/div>\n\t\t\t\t<\/div>\n\t\t\t\t\t<\/div>\n\t\t<\/div>\n\t\t\t\t\t<\/div>\n\t\t<\/section>\n\t\t\t\t<section class=\"elementor-section elementor-top-section elementor-element elementor-element-19020fc elementor-section-boxed elementor-section-height-default elementor-section-height-default\" data-id=\"19020fc\" data-element_type=\"section\">\n\t\t\t\t\t\t<div class=\"elementor-container elementor-column-gap-default\">\n\t\t\t\t\t<div class=\"elementor-column elementor-col-100 elementor-top-column elementor-element elementor-element-f8c0064\" data-id=\"f8c0064\" data-element_type=\"column\">\n\t\t\t<div class=\"elementor-widget-wrap elementor-element-populated\">\n\t\t\t\t\t\t<div class=\"elementor-element elementor-element-e5b135e elementor-widget elementor-widget-contentstack\" data-id=\"e5b135e\" data-element_type=\"widget\" data-widget_type=\"contentstack.default\">\n\t\t\t\t<div class=\"elementor-widget-container\">\n\t\t\t<div class=\"content-stack\"><style><\/style>\t\t<div data-elementor-type=\"section\" data-elementor-id=\"6024\" class=\"elementor elementor-6024 elementor-1829\" data-elementor-post-type=\"elementor_library\">\n\t\t\t\t\t<section class=\"elementor-section elementor-top-section elementor-element elementor-element-e6b031d elementor-section-boxed elementor-section-height-default elementor-section-height-default\" data-id=\"e6b031d\" data-element_type=\"section\">\n\t\t\t\t\t\t<div class=\"elementor-container elementor-column-gap-no\">\n\t\t\t\t\t<div class=\"elementor-column elementor-col-100 elementor-top-column elementor-element elementor-element-7214cc4\" data-id=\"7214cc4\" data-element_type=\"column\">\n\t\t\t<div class=\"elementor-widget-wrap elementor-element-populated\">\n\t\t\t\t\t\t<section class=\"elementor-section elementor-inner-section elementor-element elementor-element-9bd19ce elementor-section-boxed elementor-section-height-default elementor-section-height-default\" data-id=\"9bd19ce\" data-element_type=\"section\">\n\t\t\t\t\t\t<div class=\"elementor-container elementor-column-gap-default\">\n\t\t\t\t\t<div class=\"elementor-column elementor-col-50 elementor-inner-column elementor-element elementor-element-480ae3e\" data-id=\"480ae3e\" data-element_type=\"column\">\n\t\t\t<div class=\"elementor-widget-wrap elementor-element-populated\">\n\t\t\t\t\t\t<div class=\"elementor-element elementor-element-bb1b09e elementor-widget elementor-widget-text-editor\" data-id=\"bb1b09e\" data-element_type=\"widget\" data-widget_type=\"text-editor.default\">\n\t\t\t\t<div class=\"elementor-widget-container\">\n\t\t\t<style>\/*! elementor - v3.23.0 - 05-08-2024 *\/\n.elementor-widget-text-editor.elementor-drop-cap-view-stacked .elementor-drop-cap{background-color:#69727d;color:#fff}.elementor-widget-text-editor.elementor-drop-cap-view-framed .elementor-drop-cap{color:#69727d;border:3px solid;background-color:transparent}.elementor-widget-text-editor:not(.elementor-drop-cap-view-default) .elementor-drop-cap{margin-top:8px}.elementor-widget-text-editor:not(.elementor-drop-cap-view-default) .elementor-drop-cap-letter{width:1em;height:1em}.elementor-widget-text-editor .elementor-drop-cap{float:left;text-align:center;line-height:1;font-size:50px}.elementor-widget-text-editor .elementor-drop-cap-letter{display:inline-block}<\/style>\t\t\t\t<p>Degussa Goldhandel AG<br \/>Oberneuhofstrasse 12<br \/>6340 Baar<br \/><br \/>Represented by:<br \/>Manager Andreas Habl\u00fctzel<br \/><br \/>Contact:<\/p><p><img decoding=\"async\" src=\"https:\/\/www.degussa-goldhandel.ch\/wp-content\/uploads\/2022\/05\/phone_icon-2.svg\" alt=\"\" width=\"16\" height=\"16\" \/> +41 (0)44 403 41 10<br \/><img decoding=\"async\" src=\"https:\/\/www.degussa-goldhandel.ch\/wp-content\/uploads\/2022\/05\/phone_icon-2.svg\" alt=\"\" width=\"16\" height=\"16\" \/>\u00a0+41 (0)44 403 41 15<\/p><p><a href=\"mailto:info@degussa-goldhandel.ch\">info@degussa-goldhandel.ch<\/a><br \/><br \/>Commercial register entry:<br \/>Commercial register no: CH-170.3.035.038-9<br \/>VAT ID no: CHE-116.134.581 MWST<br \/><br \/>Data Protection:<br \/>Your right to personal privacy and data protection is of the highest priority to us. This is why we will not disclose your personal data to third parties.<br \/><br \/>Click here for details on <a href=\"https:\/\/www.degussa-goldhandel.ch\/en\/data-privacy-statement\">data protection<\/a><br \/><br \/>Photo and artwork credits:<br \/>plainpicture, Fotolia, MasterLu\/Fotolia, Shutterstock<br \/><br \/>Concept, design and implementation: <a href=\"https:\/\/www.detail.ch\" target=\"_blank\" rel=\"noopener\">Detail AG<\/a><\/p>\t\t\t\t\t\t<\/div>\n\t\t\t\t<\/div>\n\t\t\t\t\t<\/div>\n\t\t<\/div>\n\t\t\t\t<div class=\"elementor-column elementor-col-50 elementor-inner-column elementor-element elementor-element-282d389\" data-id=\"282d389\" data-element_type=\"column\">\n\t\t\t<div class=\"elementor-widget-wrap\">\n\t\t\t\t\t\t\t<\/div>\n\t\t<\/div>\n\t\t\t\t\t<\/div>\n\t\t<\/section>\n\t\t\t\t\t<\/div>\n\t\t<\/div>\n\t\t\t\t\t<\/div>\n\t\t<\/section>\n\t\t\t\t<\/div>\n\t\t<\/div>        \t\t<\/div>\n\t\t\t\t<\/div>\n\t\t\t\t\t<\/div>\n\t\t<\/div>\n\t\t\t\t\t<\/div>\n\t\t<\/section>\n\t\t\t\t<\/div>\n\t\t","protected":false},"excerpt":{"rendered":"<p>Legal Notice Degussa Sonne\/Mond Goldhandel AGSeestrasse 16330 Cham Vertreten durch:Gesch\u00e4ftsf\u00fchrer Andreas Habl\u00fctzel Kontakt: +41 (0)44 403 41 10\u00a0+41 (0)44 403 41 15 info@degussa-goldhandel.ch Registereintrag:Handelsregister Nummer: CH-170.3.035.038-9Mehrwertsteuernummer:CHE-116.134.581 MWST Datenschutz:Der Schutz Ihrer Daten geniesst bei uns h\u00f6chste Priorit\u00e4t. Ihre pers\u00f6nlichen Angaben geben wir deshalb grunds\u00e4tzlich nicht an Dritte weiter. Unsere ausf\u00fchrlichen Angaben zum Datenschutz finden Sie hier [&hellip;]<\/p>\n","protected":false},"author":1,"featured_media":0,"parent":0,"menu_order":9,"comment_status":"closed","ping_status":"closed","template":"elementor_header_footer","meta":{"_acf_changed":false,"inline_featured_image":false,"footnotes":""},"class_list":["post-6021","page","type-page","status-publish","hentry"],"acf":[],"_links":{"self":[{"href":"https:\/\/www.degussa-goldhandel.ch\/ar\/wp-json\/wp\/v2\/pages\/6021"}],"collection":[{"href":"https:\/\/www.degussa-goldhandel.ch\/ar\/wp-json\/wp\/v2\/pages"}],"about":[{"href":"https:\/\/www.degussa-goldhandel.ch\/ar\/wp-json\/wp\/v2\/types\/page"}],"author":[{"embeddable":true,"href":"https:\/\/www.degussa-goldhandel.ch\/ar\/wp-json\/wp\/v2\/users\/1"}],"replies":[{"embeddable":true,"href":"https:\/\/www.degussa-goldhandel.ch\/ar\/wp-json\/wp\/v2\/comments?post=6021"}],"version-history":[{"count":5,"href":"https:\/\/www.degussa-goldhandel.ch\/ar\/wp-json\/wp\/v2\/pages\/6021\/revisions"}],"predecessor-version":[{"id":11131,"href":"https:\/\/www.degussa-goldhandel.ch\/ar\/wp-json\/wp\/v2\/pages\/6021\/revisions\/11131"}],"wp:attachment":[{"href":"https:\/\/www.degussa-goldhandel.ch\/ar\/wp-json\/wp\/v2\/media?parent=6021"}],"curies":[{"name":"wp","href":"https:\/\/api.w.org\/{rel}","templated":true}]}}